{"id":12944,"date":"2024-02-10T13:29:37","date_gmt":"2024-02-10T19:29:37","guid":{"rendered":"https:\/\/aldeatoktli.com\/?page_id=12944"},"modified":"2025-08-09T18:06:24","modified_gmt":"2025-08-10T00:06:24","slug":"terminos-y-condiciones","status":"publish","type":"page","link":"https:\/\/aldeatoktli.com\/en\/terminos-y-condiciones\/","title":{"rendered":"T\u00e9rminos y Condiciones"},"content":{"rendered":"<div data-elementor-type=\"wp-page\" data-elementor-id=\"12944\" class=\"elementor elementor-12944\">\n\t\t\t\t\t\t<section class=\"elementor-section elementor-top-section elementor-element elementor-element-8db8352 elementor-section-boxed elementor-section-height-default elementor-section-height-default qodef-elementor-content-no\" data-id=\"8db8352\" data-element_type=\"section\">\n\t\t\t\t\t\t<div class=\"elementor-container elementor-column-gap-default\">\n\t\t\t\t\t<div class=\"elementor-column elementor-col-100 elementor-top-column elementor-element elementor-element-d7c58ab\" data-id=\"d7c58ab\" data-element_type=\"column\">\n\t\t\t<div class=\"elementor-widget-wrap elementor-element-populated\">\n\t\t\t\t\t\t<div class=\"elementor-element elementor-element-821bfcb elementor-invisible elementor-widget elementor-widget-heading\" data-id=\"821bfcb\" data-element_type=\"widget\" data-settings=\"{&quot;_animation&quot;:&quot;fadeIn&quot;}\" data-widget_type=\"heading.default\">\n\t\t\t\t<div class=\"elementor-widget-container\">\n\t\t\t\t\t<h2 class=\"elementor-heading-title elementor-size-default\">T\u00e9rminos y Condiciones para el uso de la p\u00e1gina de <br>Aldea Maya Toktli Or\u00edgenes<\/h2>\t\t\t\t<\/div>\n\t\t\t\t<\/div>\n\t\t\t\t<div class=\"elementor-element elementor-element-e73de79 elementor-widget elementor-widget-spacer\" data-id=\"e73de79\" data-element_type=\"widget\" data-widget_type=\"spacer.default\">\n\t\t\t\t<div class=\"elementor-widget-container\">\n\t\t\t\t\t\t\t<div class=\"elementor-spacer\">\n\t\t\t<div class=\"elementor-spacer-inner\"><\/div>\n\t\t<\/div>\n\t\t\t\t\t\t<\/div>\n\t\t\t\t<\/div>\n\t\t\t\t<div class=\"elementor-element elementor-element-2cc1449 elementor-invisible elementor-widget elementor-widget-image\" data-id=\"2cc1449\" data-element_type=\"widget\" data-settings=\"{&quot;_animation&quot;:&quot;tada&quot;}\" data-widget_type=\"image.default\">\n\t\t\t\t<div class=\"elementor-widget-container\">\n\t\t\t\t\t\t\t\t\t\t\t\t\t\t\t<img decoding=\"async\" width=\"136\" height=\"40\" src=\"https:\/\/aldeatoktli.com\/wp-content\/uploads\/2020\/11\/h4-img4.png\" class=\"attachment-large size-large wp-image-2089\" alt=\"s\" \/>\t\t\t\t\t\t\t\t\t\t\t\t\t\t\t<\/div>\n\t\t\t\t<\/div>\n\t\t\t\t<div class=\"elementor-element elementor-element-35260b9 elementor-widget elementor-widget-spacer\" data-id=\"35260b9\" data-element_type=\"widget\" data-widget_type=\"spacer.default\">\n\t\t\t\t<div class=\"elementor-widget-container\">\n\t\t\t\t\t\t\t<div class=\"elementor-spacer\">\n\t\t\t<div class=\"elementor-spacer-inner\"><\/div>\n\t\t<\/div>\n\t\t\t\t\t\t<\/div>\n\t\t\t\t<\/div>\n\t\t\t\t\t<\/div>\n\t\t<\/div>\n\t\t\t\t\t<\/div>\n\t\t<\/section>\n\t\t\t\t<section class=\"elementor-section elementor-top-section elementor-element elementor-element-7757bd3 elementor-section-boxed elementor-section-height-default elementor-section-height-default qodef-elementor-content-no\" data-id=\"7757bd3\" data-element_type=\"section\">\n\t\t\t\t\t\t<div class=\"elementor-container elementor-column-gap-default\">\n\t\t\t\t\t<div class=\"elementor-column elementor-col-100 elementor-top-column elementor-element elementor-element-f810549\" data-id=\"f810549\" data-element_type=\"column\">\n\t\t\t<div class=\"elementor-widget-wrap elementor-element-populated\">\n\t\t\t\t\t\t<div class=\"elementor-element elementor-element-5c0e886 elementor-widget elementor-widget-text-editor\" data-id=\"5c0e886\" data-element_type=\"widget\" data-widget_type=\"text-editor.default\">\n\t\t\t\t<div class=\"elementor-widget-container\">\n\t\t\t\t\t\t\t\t\t<p>Estimado Usuario, le damos la m\u00e1s cordial bienvenida a la p\u00e1gina (en adelante tienda virtual) del hotel<strong> ALDEA MAYA <\/strong><strong>TOKTLI OR\u00cdGENES<\/strong>, en la que podr\u00e1 realizar la reservaci\u00f3n y adquisici\u00f3n de los servicios y productos (en adelante compras por internet) que ofrece el hotel <strong>ALDEA MAYA <\/strong><strong>TOKLI OR\u00cdGENES<\/strong>, te invitamos a que leas y conozcas los t\u00e9rminos y condiciones que regulan el uso de los <strong>servicios<\/strong> prestados a trav\u00e9s de la tienda virtual <strong>ALDEA MAYA <\/strong><strong>TOKTLI OR\u00cdGENES<\/strong>.<\/p><p>La sola utilizaci\u00f3n de la p\u00e1gina Web www.aldeatoktli.com le otorga al p\u00fablico en general la condici\u00f3n de usuario (en adelante referido como el Usuario o los Usuarios) e implica la aceptaci\u00f3n, plena e incondicional, de todas y cada una de las condiciones generales y particulares incluidas en estos T\u00e9rminos y Condiciones de Uso publicados por el hotel <strong>ALDEA MAYA <\/strong><strong>TOKTLI OR\u00cdGENES<\/strong> en el momento mismo en que el Usuario acceda al sitio web.<\/p><p>El uso de este medio para las compras por internet, se sujeta en todo momento a los T\u00e9rminos y Condiciones aqu\u00ed descritos, por lo que invitamos a todos nuestros Usuarios a consultar las Condiciones de Uso y el Aviso de Privacidad <strong>antes<\/strong> de realizar cualquier transacci\u00f3n comercial, en el entendido que el uso de \u00e9stos constituyen una aceptaci\u00f3n de los t\u00e9rminos, condiciones y del aviso de privacidad.<\/p><p>\u00a0<\/p><p><strong>Convenio<\/strong><\/p><p>Convenio de adhesi\u00f3n para el uso de la p\u00e1gina www.aldeatoktli.com que celebran: por una parte Melanin Lopez Macias Valadez (en lo sucesivo <strong>ALDEA MAYA <\/strong><strong>TOKTLI OR\u00cdGENES<\/strong>) y, por la otra, el Usuario, sujet\u00e1ndose, ambas partes, a lo establecido en este documento.<\/p><p><strong>Terms and Conditions<\/strong><\/p><p>Esta es la tienda virtual del hotel <strong>ALDEA MAYA <\/strong><strong>TOKTLI OR\u00cdGENES<\/strong> (en adelante <strong>ALDEA MAYA <\/strong><strong>TOKTLI OR\u00cdGENES<\/strong>) por lo que, el Usuario al utilizar este sitio, se obliga a respetar los T\u00e9rminos y Condiciones de uso aqu\u00ed establecidos.<\/p><p>El Usuario est\u00e1 aceptando los T\u00e9rminos y Condiciones de uso contenidos en este documento y declara expresamente su aceptaci\u00f3n utilizando para tal efecto medios electr\u00f3nicos, en t\u00e9rminos de lo dispuesto por el art\u00edculo 1803 del C\u00f3digo Civil Federal y sus correlativos de los C\u00f3digos Civiles vigentes en los estados de la Rep\u00fablica Mexicana.<\/p><p>Para poder utilizar el sitio web de <strong>ALDEA MAYA <\/strong><strong>TOKTLI OR\u00cdGENES<\/strong>, el Usuario debe ser mayor de edad o en su defecto acceder bajo la supervisi\u00f3n y consentimiento de sus padres o tutor legal.<\/p><p><strong>ALDEA MAYA <\/strong><strong>TOKTLI OR\u00cdGENES,<\/strong> se reserva el derecho de realizar cambios en la tienda virtual de <strong>ALDEA MAYA <\/strong><strong>TOKTLI OR\u00cdGENES<\/strong>, (compras por internet), as\u00ed como en los T\u00e9rminos y Condiciones de uso y contenido en cualquier momento, sin necesidad de avisar al Usuario, realizar correcciones, adiciones, mejoras o modificaciones al contenido, presentaci\u00f3n, informaci\u00f3n, servicios, \u00e1reas, bases de datos y dem\u00e1s elementos de dicho sitio, sin que ello de lugar ni derecho a ninguna reclamaci\u00f3n o indemnizaci\u00f3n, ni que esto implique reconocimiento de responsabilidad alguna a favor del Usuario.<\/p><p>Por lo que el Usuario deber\u00e1 consultarlos cada vez que desee realizar una compra en la tienda virtual de <strong>ALDEA MAYA <\/strong><strong>TOKTLI OR\u00cdGENES<\/strong>. Si el Usuario no est\u00e1 de acuerdo con el contenido y condiciones de uso de este sitio deber\u00e1 abandonarlo inmediatamente. El Usuario sabe y est\u00e1 de acuerdo que no debe utilizar este sitio web de manera indebida, falsear la identidad y llevar a cabo actividades fraudulentas y\/o que perjudiquen a <strong>ALDEA MAYA <\/strong><strong>TOKTLI OR\u00cdGENES<\/strong> o a terceros.<\/p><p>Las im\u00e1genes de los productos que se ofrecen en la tienda virtual de <strong>ALDEA MAYA <\/strong><strong>TOKTLI OR\u00cdGENES<\/strong>, se realizan con la mayor precisi\u00f3n; sin embargo, estos pueden variar por la capacidad o resoluci\u00f3n del monitor o dispositivo a trav\u00e9s del cual se acceda a la tienda virtual de <strong>ALDEA MAYA <\/strong><strong>TOKTLI OR\u00cdGENES<\/strong>.<\/p><p>\u00a0<\/p><p><strong>Condiciones de la Transacci\u00f3n<\/strong><\/p><p>Al navegar y hacer uso de la tienda virtual de <strong>ALDEA MAYA <\/strong><strong>TOKTLI OR\u00cdGENES<\/strong>, el Usuario acepta y est\u00e1 conforme con los t\u00e9rminos y condiciones aqu\u00ed expuestos, as\u00ed como de su alcance y eficacia.<\/p><p>Para el caso de que el Usuario realice alguna compra, \u00e9ste deber\u00e1 estar conforme con los t\u00e9rminos, condiciones y el aviso de privacidad que rijan para dicho registro, mismos que se pondr\u00e1n al alcance de los Usuarios al momento que realicen el proceso de registro del servicio.<\/p><p>Una vez que el Usuario haya realizado su solicitud del o los servicios y productos y efectuado el pago respectivo a trav\u00e9s de los medios que aparecen en la tienda virtual de <strong>ALDEA MAYA <\/strong><strong>TOKTLI OR\u00cdGENES<\/strong>, ser\u00e1 validada la operaci\u00f3n por la instituci\u00f3n de cr\u00e9dito respectiva y <strong>ALDEA MAYA <\/strong><strong>TOKTLI OR\u00cdGENES<\/strong>, quien confirmar\u00e1 la misma mediante correo electr\u00f3nico, aproximadamente dentro de las 24 horas siguientes a su compra, donde se le informar\u00e1 una breve descripci\u00f3n de los servicios adquiridos, el cargo efectuado y la confirmaci\u00f3n de fecha o fechas.<\/p><p>Las reservaciones ser\u00e1n respetadas siempre y cuando no sobrevengan causas de fuerza mayor o caso fortuito que impidan el otorgamiento de los servicios correspondientes. En estos casos de fuerza mayor o caso fortuito, <strong>ALDEA MAYA <\/strong><strong>TOKTLI OR\u00cdGENES<\/strong> no ser\u00e1 responsable por los servicios que no puedan ser realizados en las fechas programadas por el Usuario.<\/p><p>El Usuario podr\u00e1 comunicarse al tel\u00e9fono: 52 (55) 74300168 de la Ciudad de M\u00e9xico en un horario de lunes a viernes de 10:00 a 13:00 horas y de 15:00 a 17:00 horas.<\/p><p>Asimismo, <strong>ALDEA MAYA <\/strong><strong>TOKTLI OR\u00cdGENES<\/strong> pone a disposici\u00f3n de sus clientes y Usuarios para tales efectos, el correo electr\u00f3nico aldeatoktli@gmail.com, o en su caso podr\u00e1 acudir al domicilio ubicado en Calle 11 X 30, Colonia Guadalupe, Izamal, Yucat\u00e1n, M\u00e9xico, 97540 en horario de lunes a viernes de 10:00 a 13:00 horas y de 15:00 a 17:00 horas.<\/p><p>\u00a0<\/p><p><strong>Negaci\u00f3n de garant\u00edas<\/strong><\/p><p>El Usuario est\u00e1 de acuerdo que la utilizaci\u00f3n de la tienda virtual de <strong>ALDEA MAYA <\/strong><strong>TOKTLI OR\u00cdGENES<\/strong> se realiza bajo su propio riesgo y que los servicios y productos que ah\u00ed se prestan y ofrecen se prev\u00e9n sobre una base \u00abtal cual\u00bb y \u00abseg\u00fan est\u00e9n disponibles\u00bb. <strong>ALDEA MAYA <\/strong><strong>TOKTLI OR\u00cdGENES<\/strong> no garantiza que la p\u00e1gina se\u00f1alada satisfaga los requerimientos del Usuario o que los servicios que en ella se ofrecen no sufran interrupciones, sean seguros o est\u00e9n exentos de errores.<\/p><p>El Usuario, sabe, reconoce y est\u00e1 de acuerdo que <strong>ALDEA MAYA <\/strong><strong>TOKTLI OR\u00cdGENES<\/strong> se libera de cualquier responsabilidad y condiciones, tanto expresas como impl\u00edcitas, en relaci\u00f3n con los servicios e informaci\u00f3n contenida o disponible en o a trav\u00e9s de esta p\u00e1gina web; incluyendo, sin limitaci\u00f3n alguna:<\/p><ol><li>a) La disponibilidad de uso del sitio Web: aldeatoktli.com<\/li><li>b) La ausencia de virus, errores, desactivadores o cualquier otro material contaminante o con funciones destructivas en la informaci\u00f3n o programas disponibles en o a trav\u00e9s de esta p\u00e1gina y en general cualquier falla en dicho sitio.<\/li><li>c) No obstante lo anterior, <strong>ALDEA MAYA <\/strong><strong>TOKTLI OR\u00cdGENES<\/strong> o sus proveedores podr\u00e1n actualizar el contenido de la p\u00e1gina constantemente, por lo que se solicita al Usuario tomar en cuenta que alguna informaci\u00f3n publicada o contenida en o a trav\u00e9s de este sitio web pueden haber quedado obsoletas y\/o contener imprecisiones o errores tipogr\u00e1ficos u ortogr\u00e1ficos.<br \/><br \/><\/li><\/ol><p><strong>Limitaciones a la responsabilidad<\/strong><\/p><p>Hasta el m\u00e1ximo permitido por las leyes aplicables, <strong>ALDEA MAYA <\/strong><strong>TOKTLI OR\u00cdGENES<\/strong> no ser\u00e1 responsable, en ning\u00fan caso, por da\u00f1os directos, especiales, incidentales, indirectos, o consecuenciales que en cualquier forma se deriven o se relacionen con:<\/p><ol><li>a) El uso o ejecuci\u00f3n del sitio Web\u00a0<a href=\"https:\/\/aldeatoktli.com\/en\/\">aldeatoktli.com<\/a>, con el retraso o la falta de disponibilidad de los servicios y productos otorgados por <strong>ALDEA MAYA <\/strong><strong>TOKTLI OR\u00cdGENES<\/strong>.<\/li><li>b) La proveedur\u00eda, falta de la misma de servicios de cualquier informaci\u00f3n o gr\u00e1ficos contenidos o publicados en o a trav\u00e9s del sitio se\u00f1alado.<\/li><li>c) La actualizaci\u00f3n o falta de actualizaci\u00f3n de la informaci\u00f3n.<\/li><li>d) La alteraci\u00f3n o modificaci\u00f3n, total o parcial, de la informaci\u00f3n despu\u00e9s de haber sido incluida en dicho sitio.<\/li><li>e) Cualquier otro aspecto o caracter\u00edstica de la informaci\u00f3n contenida o publicada en la p\u00e1gina web o a trav\u00e9s de las ligas que eventualmente se incluyan en este sitio.<br \/><br \/><\/li><\/ol><p><strong>Atenci\u00f3n de reclamaciones<\/strong><\/p><p>El Usuario podr\u00e1 comunicarse al tel\u00e9fono: 52 (55) 74300168 de la Ciudad de M\u00e9xico en un horario de lunes a viernes de 10:00 a 13:00 horas y de 15:00 a 17:00 horas.<\/p><p>Asimismo, <strong>ALDEA MAYA <\/strong><strong>TOKTLI OR\u00cdGENES<\/strong> pone a disposici\u00f3n de los Usuarios para tales efectos, el correo electr\u00f3nico aldeatoktli@gmail.com, o en su caso podr\u00e1 acudir al domicilio ubicado en en Calle 11 X 30, Colonia Guadalupe, Izamal, Yucat\u00e1n, M\u00e9xico, 97540, en horario de lunes a viernes de 10:00 a 13:00 horas y de 15:00 a 17:00 horas.<\/p><p>A trav\u00e9s de dichos medios se le informar\u00e1 al Usuario el procedimiento que deber\u00e1 seguir para dar tr\u00e1mite a su reclamaci\u00f3n o solicitud, seg\u00fan sea el caso. Igualmente, a trav\u00e9s de dichos medios se le informar\u00e1 la procedencia de su solicitud.<\/p><p>\u00a0<\/p><p><strong>Usos del Sitio<\/strong><\/p><p>Este sitio, as\u00ed como todo su contenido es \u00fanicamente para las finalidades relativas a la realizaci\u00f3n de transacciones comerciales en l\u00ednea. Quedando prohibido al Usuario descargar o copiar el contenido y otros materiales exhibidos en ese sitio.<\/p><p>Por ning\u00fan motivo se transfiere ning\u00fan derecho, t\u00edtulo o inter\u00e9s como resultado de los materiales o software que sea descargado o copiado. Queda estrictamente prohibido reproducir, publicar, transmitir, distribuir, exhibir, modificar, vender o participar en la venta de cualquier contenido del sitio o de alg\u00fan software relacionado con la tienda virtual de <strong>ALDEA MAYA<\/strong> <strong>TOKTLI OR\u00cdGENES<\/strong>. Todo el software usado en este sitio es propiedad de <strong>ALDEA MAYA TOKTLI<\/strong><strong> OR\u00cdGENES<\/strong>, o de sus proveedores, el cual fue creado como herramienta para facilitar la navegaci\u00f3n en el mismo y la venta de los servicios de <strong>ALDEA MAYA <\/strong><strong>TOKTLI OR\u00cdGENES<\/strong>.<\/p><p>Cualquier otro uso, incluyendo la reproducci\u00f3n, la modificaci\u00f3n, la distribuci\u00f3n, la transmisi\u00f3n, la nueva edici\u00f3n, la exhibici\u00f3n, o el funcionamiento del contenido en este sitio es exclusivo de <strong>ALDEA MAYA TOKTLI<\/strong><strong> OR\u00cdGENES<\/strong>.<\/p><p>\u00a0<\/p><p><strong>Enlaces a otros sitios<\/strong><\/p><p>En algunas ocasiones, <strong>ALDEA MAYA TOKTLI<\/strong><strong> OR\u00cdGENES<\/strong> les podr\u00e1 proporcionar a los Usuarios enlaces a otros sitios de Internet y\/o a otros recursos de terceros. En virtud de que <strong>ALDEA MAYA TOKTLI<\/strong><strong> OR\u00cdGENES<\/strong> no tiene control sobre dichos sitios o sus recursos, por lo que los Usuarios reconocen y aceptan que <strong>ALDEA MAYA TOKTLI<\/strong><strong> OR\u00cdGENES<\/strong> no es responsable por la disponibilidad de dichos sitios externos y ajenos, y no acepta ni aceptar\u00e1 ser considerado como responsable por la imposibilidad de acceso a \u00e9stos ni de cualquier contenido, anuncios, productos u otros materiales de o disponibles en dichos sitios o recursos.<\/p><p>\u00a0<\/p><p><strong>Derechos de Propiedad Intelectual<\/strong><\/p><p>Todos los materiales contenidos en la tienda virtual de <strong>ALDEA MAYA TOKTLI<\/strong><strong> OR\u00cdGENES<\/strong>, incluyendo texto, im\u00e1genes, fotograf\u00edas, dise\u00f1os, iconos, ilustraciones, marcas registradas y la caracter\u00edstica intelectual es pose\u00edda, controlada o licenciada por <strong>ALDEA MAYA <\/strong><strong>TOKTLI OR\u00cdGENES<\/strong>, o bien de terceros que han licenciado sus materiales a la tienda virtual de <strong>ALDEA MAYA <\/strong><strong>TOKTLI OR\u00cdGENES<\/strong>.<\/p><p>De igual forma la colecci\u00f3n, arreglo o el armado de todo el contenido en el sitio es propiedad exclusiva de <strong>ALDEA MAYA <\/strong><strong>TOKTLI OR\u00cdGENES<\/strong>.<\/p><p>\u00a0<\/p><p><strong>Modificaciones a los t\u00e9rminos y condiciones de uso del sitio web<\/strong><\/p><p><strong>ALDEA MAYA <\/strong><strong>TOKTLI OR\u00cdGENES<\/strong> se reserva el derecho de modificar los T\u00e9rminos y Condiciones de Uso en cualquier momento, y ser\u00e1 realizada cuando el titular de la misma, en este caso de <strong>ALDEA MAYA TOKTLI OR\u00cdGENES<\/strong>, lo considere apropiado, siendo exclusiva responsabilidad del Usuario asegurarse de tomar conocimiento de tales modificaciones.<\/p><p><strong>\u00a0<\/strong><\/p><p><strong>T\u00e9rminos adicionales<\/strong><\/p><p>Ocasionalmente, <strong>ALDEA MAYA <\/strong><strong>TOKTLI OR\u00cdGENES<\/strong> podr\u00e1 agregar a estos T\u00e9rminos y Condiciones de Uso provisiones adicionales relativas a \u00e1reas espec\u00edficas o nuevos servicios y\/o productos que se proporcionen en o a trav\u00e9s del sitio Web <a href=\"https:\/\/aldeatoktli.com\/en\/\">www.aldeatoktli.com<\/a> (en lo subsecuente t\u00e9rminos adicionales), los cuales ser\u00e1n publicados en las \u00e1reas espec\u00edficas o nuevos servicios y\/o productos de dicho sitio para su lectura y aceptaci\u00f3n. El Usuario reconoce y acepta que estos t\u00e9rminos adicionales forman parte integrante del presente acuerdo para todos los efectos legales a que haya lugar.<\/p><p><strong>\u00a0<\/strong><\/p><p><strong>Cesi\u00f3n de derechos<\/strong><\/p><p><strong>ALDEA MAYA <\/strong><strong>TOKTLI OR\u00cdGENES<\/strong> podr\u00e1, en cualquier momento y cuando as\u00ed lo estime conveniente, ceder total o parcialmente sus derechos y obligaciones derivados de los presentes T\u00e9rminos y Condiciones de Uso. En virtud de dicha cesi\u00f3n, <strong>ALDEA MAYA <\/strong><strong>TOKTLI OR\u00cdGENES<\/strong> quedar\u00e1 liberado de cualquier obligaci\u00f3n a favor del Usuario, establecida en el presente documento.<\/p><p>\u00a0<\/p><p><strong>Indemnizaci\u00f3n<\/strong><\/p><p>El Usuario est\u00e1 de acuerdo en indemnizar a <strong>ALDEA MAYA <\/strong><strong>TOKTLI OR\u00cdGENES<\/strong>, sus afiliados, proveedores, vendedores y asesores por cualquier acci\u00f3n, demanda o reclamaci\u00f3n (incluso de honorarios de abogados y de costas judiciales) derivadas de cualquier incumplimiento por parte del Usuario a los presentes T\u00e9rminos y Condiciones de Uso; incluyendo, sin limitaci\u00f3n de alguna de las derivadas de:<\/p><ol><li>a) Cualquier aspecto relativo al uso del sitio web www.aldeatoktli.com.<\/li><li>b) La informaci\u00f3n contenida o disponible en o a trav\u00e9s de dicho sitio o de injurias, difamaci\u00f3n o cualquier otra conducta violatoria de los presentes T\u00e9rminos y Condiciones de Uso por parte del Usuario en el uso de la p\u00e1gina web se\u00f1alada.<\/li><li>c) La violaci\u00f3n a las leyes aplicables o tratados internacionales relativos a los derechos de autor o propiedad intelectual, contenidos o disponibles en, o a trav\u00e9s de dicho sitio web.<br \/><br \/><\/li><\/ol><p><strong>Terminaci\u00f3n<\/strong><\/p><p><strong>ALDEA MAYA <\/strong><strong>TOKTLI OR\u00cdGENES<\/strong> se reserva el derecho, a su exclusiva discreci\u00f3n, y sin necesidad de aviso o notificaci\u00f3n al Usuario, para:<\/p><ol><li>a) Terminar definitivamente los presentes T\u00e9rminos y Condiciones de Uso.<\/li><\/ol><ol><li>b) Descontinuar o dejar de publicar definitivamente el sitio web www.aldeatoktli.com, sin responsabilidad alguna para <strong>ALDEA MAYA <\/strong><strong>TOKTLI OR\u00cdGENES<\/strong>, sus afiliados o proveedores.<br \/><br \/><\/li><\/ol><p><strong>Subsistencia<\/strong><\/p><p>Estos T\u00e9rminos y Condiciones de Uso, as\u00ed como los t\u00e9rminos adicionales, constituyen el acuerdo \u00edntegro entre las partes, y sustituye cualquier otro acuerdo o convenio celebrado con anterioridad. Cualquier t\u00e9rmino y condici\u00f3n de los presentes T\u00e9rminos y Condiciones de Uso, as\u00ed como de los t\u00e9rminos adicionales, legalmente declarados inv\u00e1lidos, ser\u00e1n eliminados o modificados a elecci\u00f3n de <strong>ALDEA MAYA <\/strong><strong>TOKTLI OR\u00cdGENES<\/strong>, con la finalidad de corregir su vicio o defecto. Sin embargo, el resto de los T\u00e9rminos y Condiciones de Uso mantendr\u00e1n su fuerza, obligatoriedad y validez.<\/p><p>\u00a0<\/p><p><strong>No renuncia de derechos<\/strong><\/p><p>La inactividad por parte de <strong>ALDEA MAYA <\/strong><strong>TOKTLI OR\u00cdGENES<\/strong>, sus afiliados o proveedores al ejercicio de cualquier derecho o acci\u00f3n derivados de los presentes T\u00e9rminos y Condiciones de Uso, en ning\u00fan momento deber\u00e1 interpretarse como renuncia a dichos derechos o acciones.<\/p><p>\u00a0<\/p><p><strong>Legislaci\u00f3n aplicable y jurisdicci\u00f3n<\/strong><\/p><p>Estos T\u00e9rminos y Condiciones de Uso estar\u00e1n sujetos y ser\u00e1n interpretados de acuerdo con las leyes y ante los tribunales del estado de Yucat\u00e1n, M\u00e9xico.<\/p>\t\t\t\t\t\t\t\t<\/div>\n\t\t\t\t<\/div>\n\t\t\t\t<div class=\"elementor-element elementor-element-fb616d0 elementor-invisible elementor-widget elementor-widget-image\" data-id=\"fb616d0\" data-element_type=\"widget\" data-settings=\"{&quot;_animation&quot;:&quot;rubberBand&quot;}\" data-widget_type=\"image.default\">\n\t\t\t\t<div class=\"elementor-widget-container\">\n\t\t\t\t\t\t\t\t\t\t\t\t\t\t\t<img decoding=\"async\" width=\"132\" height=\"324\" src=\"https:\/\/aldeatoktli.com\/wp-content\/uploads\/2020\/11\/h4-img3.png\" class=\"attachment-large size-large wp-image-1941\" alt=\"s\" srcset=\"https:\/\/aldeatoktli.com\/wp-content\/uploads\/2020\/11\/h4-img3.png 132w, https:\/\/aldeatoktli.com\/wp-content\/uploads\/2020\/11\/h4-img3-122x300.png 122w\" sizes=\"(max-width: 132px) 100vw, 132px\" \/>\t\t\t\t\t\t\t\t\t\t\t\t\t\t\t<\/div>\n\t\t\t\t<\/div>\n\t\t\t\t<div class=\"elementor-element elementor-element-659c159 elementor-widget elementor-widget-spacer\" data-id=\"659c159\" data-element_type=\"widget\" data-widget_type=\"spacer.default\">\n\t\t\t\t<div class=\"elementor-widget-container\">\n\t\t\t\t\t\t\t<div class=\"elementor-spacer\">\n\t\t\t<div class=\"elementor-spacer-inner\"><\/div>\n\t\t<\/div>\n\t\t\t\t\t\t<\/div>\n\t\t\t\t<\/div>\n\t\t\t\t<div class=\"elementor-element elementor-element-aa4a3f2 elementor-widget elementor-widget-heading\" data-id=\"aa4a3f2\" data-element_type=\"widget\" data-widget_type=\"heading.default\">\n\t\t\t\t<div class=\"elementor-widget-container\">\n\t\t\t\t\t<h2 class=\"elementor-heading-title elementor-size-default\">Cancelaciones<\/h2>\t\t\t\t<\/div>\n\t\t\t\t<\/div>\n\t\t\t\t<div class=\"elementor-element elementor-element-205daba elementor-widget elementor-widget-text-editor\" data-id=\"205daba\" data-element_type=\"widget\" data-widget_type=\"text-editor.default\">\n\t\t\t\t<div class=\"elementor-widget-container\">\n\t\t\t\t\t\t\t\t\t<p>.Para cualquier cancelaci\u00f3n y devoluci\u00f3n de su pago, se requiere una notificaci\u00f3n por correo electr\u00f3nico de un plazo de 7 d\u00edas previos a su llegada. Favor de enviar su solicitud a aldeatoktli@gmail.com<\/p><p>Las devoluciones a tarjetas extranjeras generan gastos bancarios m\u00e1s elevados que la reservaci\u00f3n. Si no es segura su reservaci\u00f3n, recomendamos hacerla a trav\u00e9s de plataformas tecnol\u00f3gicas como Airbnb, Booking, Expedia, entre otros.<\/p><p>No habr\u00e1 reembolso de ning\u00fan tipo en caso de que el cliente no se presente el d\u00eda de ingreso programado en la reserva.<\/p><p>Nos reservamos el derecho de admitir a toda persona que presente condiciones que puedan ser riesgosas para su seguridad personal, o la seguridad del hotel, en dichos casos se le negar\u00e1 el acceso y no habr\u00e1 reembolso.<\/p><p>En caso de que sea necesario suspender o cancelar la reservaci\u00f3n por, desastres naturales, acciones de las autoridades, actos de terrorismo, cualquier causa no imputable a la empresa, no habr\u00e1 reembolso.<\/p>\t\t\t\t\t\t\t\t<\/div>\n\t\t\t\t<\/div>\n\t\t\t\t\t<\/div>\n\t\t<\/div>\n\t\t\t\t\t<\/div>\n\t\t<\/section>\n\t\t\t\t<\/div>","protected":false},"excerpt":{"rendered":"<p>T\u00e9rminos y Condiciones para el uso de la p\u00e1gina de Aldea Maya Toktli Or\u00edgenes Estimado Usuario, le damos la m\u00e1s cordial bienvenida a la p\u00e1gina (en adelante tienda virtual) del hotel ALDEA MAYA TOKTLI OR\u00cdGENES, en la que podr\u00e1 realizar la reservaci\u00f3n y adquisici\u00f3n de los servicios y productos (en adelante compras por internet) que [&hellip;]<\/p>\n","protected":false},"author":2,"featured_media":0,"parent":0,"menu_order":0,"comment_status":"closed","ping_status":"closed","template":"","meta":{"footnotes":""},"class_list":["post-12944","page","type-page","status-publish","hentry"],"_links":{"self":[{"href":"https:\/\/aldeatoktli.com\/en\/wp-json\/wp\/v2\/pages\/12944","targetHints":{"allow":["GET"]}}],"collection":[{"href":"https:\/\/aldeatoktli.com\/en\/wp-json\/wp\/v2\/pages"}],"about":[{"href":"https:\/\/aldeatoktli.com\/en\/wp-json\/wp\/v2\/types\/page"}],"author":[{"embeddable":true,"href":"https:\/\/aldeatoktli.com\/en\/wp-json\/wp\/v2\/users\/2"}],"replies":[{"embeddable":true,"href":"https:\/\/aldeatoktli.com\/en\/wp-json\/wp\/v2\/comments?post=12944"}],"version-history":[{"count":49,"href":"https:\/\/aldeatoktli.com\/en\/wp-json\/wp\/v2\/pages\/12944\/revisions"}],"predecessor-version":[{"id":14657,"href":"https:\/\/aldeatoktli.com\/en\/wp-json\/wp\/v2\/pages\/12944\/revisions\/14657"}],"wp:attachment":[{"href":"https:\/\/aldeatoktli.com\/en\/wp-json\/wp\/v2\/media?parent=12944"}],"curies":[{"name":"wp","href":"https:\/\/api.w.org\/{rel}","templated":true}]}}