{"id":12968,"date":"2024-02-10T16:14:50","date_gmt":"2024-02-10T22:14:50","guid":{"rendered":"https:\/\/aldeatoktli.com\/?page_id=12968"},"modified":"2024-03-09T02:34:48","modified_gmt":"2024-03-09T08:34:48","slug":"politica-de-privacidad","status":"publish","type":"page","link":"https:\/\/aldeatoktli.com\/en\/politica-de-privacidad\/","title":{"rendered":"Aviso de Privacidad"},"content":{"rendered":"<style>\/*! elementor - v3.19.0 - 07-02-2024 *\/\n.elementor-heading-title{padding:0;margin:0;line-height:1}.elementor-widget-heading .elementor-heading-title[class*=elementor-size-]>a{color:inherit;font-size:inherit;line-height:inherit}.elementor-widget-heading .elementor-heading-title.elementor-size-small{font-size:15px}.elementor-widget-heading .elementor-heading-title.elementor-size-medium{font-size:19px}.elementor-widget-heading .elementor-heading-title.elementor-size-large{font-size:29px}.elementor-widget-heading .elementor-heading-title.elementor-size-xl{font-size:39px}.elementor-widget-heading .elementor-heading-title.elementor-size-xxl{font-size:59px}<\/style>\n<h2>Aldea Maya Toktli Or\u00edgenes<br \/>\nAviso de Privacidad Integral<\/h2>\n<style>\/*! elementor - v3.19.0 - 07-02-2024 *\/\n.elementor-column .elementor-spacer-inner{height:var(--spacer-size)}.e-con{--container-widget-width:100%}.e-con-inner>.elementor-widget-spacer,.e-con>.elementor-widget-spacer{width:var(--container-widget-width,var(--spacer-size));--align-self:var(--container-widget-align-self,initial);--flex-shrink:0}.e-con-inner>.elementor-widget-spacer>.elementor-widget-container,.e-con>.elementor-widget-spacer>.elementor-widget-container{height:100%;width:100%}.e-con-inner>.elementor-widget-spacer>.elementor-widget-container>.elementor-spacer,.e-con>.elementor-widget-spacer>.elementor-widget-container>.elementor-spacer{height:100%}.e-con-inner>.elementor-widget-spacer>.elementor-widget-container>.elementor-spacer>.elementor-spacer-inner,.e-con>.elementor-widget-spacer>.elementor-widget-container>.elementor-spacer>.elementor-spacer-inner{height:var(--container-widget-height,var(--spacer-size))}.e-con-inner>.elementor-widget-spacer.elementor-widget-empty,.e-con>.elementor-widget-spacer.elementor-widget-empty{position:relative;min-height:22px;min-width:22px}.e-con-inner>.elementor-widget-spacer.elementor-widget-empty .elementor-widget-empty-icon,.e-con>.elementor-widget-spacer.elementor-widget-empty .elementor-widget-empty-icon{position:absolute;top:0;bottom:0;left:0;right:0;margin:auto;padding:0;width:22px;height:22px}<\/style>\n<style>\/*! elementor - v3.19.0 - 07-02-2024 *\/\n.elementor-widget-image{text-align:center}.elementor-widget-image a{display:inline-block}.elementor-widget-image a img[src$=\".svg\"]{width:48px}.elementor-widget-image img{vertical-align:middle;display:inline-block}<\/style>\n<p>\t\t\t\t\t\t\t\t\t\t<img decoding=\"async\" width=\"136\" height=\"40\" src=\"https:\/\/aldeatoktli.com\/wp-content\/uploads\/2020\/11\/h4-img4.png\" alt=\"s\" \/>\t\t\t\t\t\t\t\t\t\t\t\t\t<\/p>\n<p><strong>Responsable<\/strong><\/p>\n<p>Melanin Lopez Macias Valadez, (en lo sucesivo \u201cALDEA MAYA TOKTLI OR\u00cdGENES\u201d), con domicilio en Calle 11 X 30, Colonia Guadalupe, Izamal, Yucat\u00e1n, M\u00e9xico, 97540, sitio web: www.aldeatoktli.com, es el responsable del debido tratamiento y resguardo de los datos personales que son recabados de todos aquellos usuarios que se registran en nuestro sitio web o bien a efecto de solicitar informaci\u00f3n sobre las actividades y los servicios que TOKTLI OR\u00cdGENES ofrece en sus instalaciones, al respecto le informamos lo siguiente:<\/p>\n<p>\u00a0<\/p>\n<p>\u00a0<\/p>\n<p><strong>Fines para los cuales utilizaremos sus datos personales<\/strong><\/p>\n<p>Los datos personales que recabamos de Usted, los utilizaremos para las siguientes finalidades que son necesarias para concretar nuestra relaci\u00f3n con Usted, as\u00ed como atender los servicios que nos solicite para:<\/p>\n<p>\u00a0<\/p>\n<ul>\n<li>Identificarlo, contactarlo y localizarlo.<\/li>\n<li>Proporcionarle informaci\u00f3n y ofrecerle nuestros servicios.<\/li>\n<li>El llenado de formularios al hacer check-in con nosotros en nuestra p\u00e1gina web o en nuestras instalaciones.<\/li>\n<li>Los procesos de reservaci\u00f3n de nuestros servicios.<\/li>\n<li>Contactar a los clientes cuando sea necesario, incluyendo completar transacciones o brindarles servicios personalizados o en casos de emergencia.<\/li>\n<li>Tener registro para los cursos, talleres, programas y actividades de capacitaci\u00f3n que ofrecemos.<\/li>\n<li>Cumplir con todas las disposiciones legales obligatorias para ALDEA MAYA TOKTLI OR\u00cdGENES, en el marco de su relaci\u00f3n comercial con Usted.<\/li>\n<li>Facilitar el proceso de compras a trav\u00e9s de nuestro sitio web.<\/li>\n<li>Obtener los datos de su tarjeta de cr\u00e9dito, los cuales solo ser\u00e1n empleados como garant\u00eda de la reservaci\u00f3n, para la compra de productos y\/o servicios, emitiendo un cargo s\u00f3lo en caso de que se haga efectivo cualquiera de los conceptos anteriores. \u00a0<\/li>\n<li>Obtener datos de facturaci\u00f3n en caso de que sea requerido.<\/li>\n<li>Realizaci\u00f3n de cargos a tarjetas de cr\u00e9dito y\/o debito por los servicios y\/o productos que le sean proporcionados por ALDEA MAYA TOKTLI OR\u00cdGENES.<\/li>\n<li>Atender preguntas, quejas, sugerencias, comentarios y\/o solicitud de informaci\u00f3n de nuestros servicios.<\/li>\n<li>El registro y almacenamiento en nuestras bases de datos y directorios telef\u00f3nicos.<\/li>\n<li>Celebraci\u00f3n de contratos.<\/li>\n<li>Contrataci\u00f3n, evaluaci\u00f3n y desarrollo de personal.<\/li>\n<li>Integrar expedientes de personal para el \u00e1rea de recursos humanos.<\/li>\n<li>Dar cumplimiento con las obligaciones contra\u00eddas con nuestros clientes y proveedores.<\/li>\n<li>Hacer videos y tomar fotograf\u00edas en eventos que realicemos para subirlos a nuestras redes sociales.<\/li>\n<li>Generar constancias de participaci\u00f3n en nuestros cursos.<\/li>\n<\/ul>\n<p>De manera adicional, utilizaremos sus datos e informaci\u00f3n personal para las siguientes finalidades que <strong>no son necesarias<\/strong> para las activiades o servicios que ofrecemos, pero que nos permiten y facilitan brindarle una mejor atenci\u00f3n:<\/p>\n<p>\u00a0<\/p>\n<ul>\n<li>Para obtener de Usted encuestas en l\u00ednea y cuestionarios de satisfacci\u00f3n y opini\u00f3n de nuestros servicios y\/o productos, activiades o de nuestro sitio web.<\/li>\n<li>Hacerle llegar comunicaciones sobre eventos, promociones o noticias de nuestras actividades y\/o servicios con fines mercadol\u00f3gicos, estad\u00edsticos y de prospecci\u00f3n comercial.<\/li>\n<li>Utilizar las fotograf\u00edas, videos e im\u00e1genes que de manera libre, voluntaria y unilateral comparta Usted de manera directa con nosotros para la difusi\u00f3n de las actividades en las que participe.\u00a0<\/li>\n<li>Consultarle sobre la calidad de nuestro servicio y comprender las necesidades espec\u00edficas de Usted y as\u00ed poderle prestar un mejor servicio.<\/li>\n<\/ul>\n<p>En caso de que no desee que sus datos personales sean tratados para estos fines adicionales, desde este momento Usted nos puede enviar un correo electr\u00f3nico a la siguiente direcci\u00f3n: aldeatoktli@gmail.com. La negativa para el uso de sus datos personales para estas finalidades no podr\u00e1 ser un motivo para que participe en las actividades y\/o servicios de ALDEA MAYA TOKTLI OR\u00cdGENES.<\/p>\n<p>\u00a0<\/p>\n<p>\u00a0<\/p>\n<p><strong>Datos personales que utilizaremos para estos fines<\/strong><\/p>\n<p>Para llevar a cabo las finalidades descritas en el presente aviso de privacidad, utilizaremos los siguientes datos personales:<\/p>\n<p>\u00a0<\/p>\n<ul>\n<li>Datos de identificaci\u00f3n<\/li>\n<li>Datos de contacto en caso de emergencia<\/li>\n<li>Datos sobre su lugar de origen<\/li>\n<li>Datos laborales<\/li>\n<li>Datos sobre caracter\u00edsticas f\u00edsicas<\/li>\n<li>Datos acad\u00e9micos<\/li>\n<li>Datos patrimoniales o financieros<\/li>\n<li>Datos sobre pasatiempos<\/li>\n<li>Datos de contacto<\/li>\n<li>Videos y Fotograf\u00edas para subirlas a nuestras redes sociales<\/li>\n<li>Videos para c\u00e1maras internas para videograbar nuestras instalaciones\n<\/li>\n<\/ul>\n<p><strong>Datos personales Sensibles<\/strong><\/p>\n<p>Los datos personales sensibles que solicitamos \u00fanicamente para brindarle un mejor servicio y satisfacer sus necesidades espec\u00edficas son:<\/p>\n<ul>\n<li>datos de salud<\/li>\n<li>origen racial o \u00e9tnico<\/li>\n<li>creencias religiosas, filos\u00f3ficas y morales<\/li>\n<li>preferencias sexuales.<\/li>\n<\/ul>\n<p>En los casos en los que el titular de los datos personales sensibles los suministre para poder dar cumplimiento a los servicios y\/o productos que ofrecemos, de manera previa, expresa, informada, y con pleno conocimiento del car\u00e1cter facultativo de la entrega de informaci\u00f3n sensible, ALDEA MAYA TOKTLI OR\u00cdGENES tomar\u00e1 las medidas adicionales que sean necesarias para atender y asegurar un debido tratamiento de dicha informaci\u00f3n conforme a las disposiciones legales que sean aplicables.<\/p>\n<p><strong>\u00a0<\/strong><\/p>\n<p><strong>T<\/strong><strong>ransferencia de los datos personales<\/strong><\/p>\n<p>ALDEA MAYA TOKTLI OR\u00cdGENES no comercializar\u00e1 sus datos personales con terceros y los datos proporcionados ser\u00e1n recabados a efecto de prestarle nuestros servicios y para llevar a cabo los fines descritos en el presente Aviso de Privacidad. No obstante, se hace de su conocimiento que los datos personales recabados podr\u00e1n ser transferidos a entidades del mismo grupo de inter\u00e9s de la empresa o aquellas con las que tenga celebrados contratos de operaci\u00f3n hotelera, franquicia o similares, y\/o terceros, nacionales o extranjeros \u00fanicamente con el objeto de cumplir con las finalidades para las cuales dichos datos personales han sido proporcionados.<\/p>\n<p><strong>\u00a0<\/strong><\/p>\n<p><strong>Derechos ARCO (Acceso, Rectificaci\u00f3n, Cancelaci\u00f3n y Oposici\u00f3n) del consentimiento para el tratamiento de los datos<\/strong><\/p>\n<p>Usted tiene derecho a conocer qu\u00e9 datos personales tenemos de Usted, para qu\u00e9 los utilizamos y las condiciones del uso que les damos (Acceso). Asimismo, es su derecho solicitar la correcci\u00f3n de su informaci\u00f3n personal en caso de que est\u00e9 desactualizada, sea inexacta o incompleta (Rectificaci\u00f3n); que la eliminemos de nuestros registros o bases de datos cuando considere que la misma no est\u00e1 siendo utilizada conforme a los principios, deberes y obligaciones previstas en la normatividad (Cancelaci\u00f3n); as\u00ed como oponerse al uso de sus datos personales para fines espec\u00edficos (Oposici\u00f3n). Estos derechos se conocen como derechos ARCO.<\/p>\n<p>\u00a0<\/p>\n<p>Para el ejercicio de cualquiera de los derechos ARCO, Usted deber\u00e1 presentar la solicitud respectiva enviando un correo electr\u00f3nico a la siguiente direcci\u00f3n: aldeatoktli@gmail.com.<\/p>\n<p>Los datos de contacto de la persona encargada de datos personales, que est\u00e1 a cargo de dar tr\u00e1mite a las solicitudes de derechos ARCO, son los siguientes:<\/p>\n<p>\u00a0<\/p>\n<ol>\n<li>a) Nombre de la persona de datos personales: Melanin Lopez Macias Valadez<\/li>\n<li>b) Domicilio: Calle 11 X 30, Colonia Guadalupe, Izamal, Yucat\u00e1n, M\u00e9xico, 97540.<\/li>\n<li>c) Correo electr\u00f3nico: aldeatoktli@gmail.com<\/li>\n<li>d) N\u00famero telef\u00f3nico: 5574300168<\/li>\n<\/ol>\n<p>Para conocer el procedimiento y requisitos para el ejercicio de los derechos ARCO, Usted podr\u00e1 ponerse en contacto con la persona encargada de los datos personales, la cual dar\u00e1 tr\u00e1mite a las solicitudes para el ejercicio de estos derechos y atender\u00e1 cualquier duda que pudiera tener respecto al tratamiento de su informaci\u00f3n.<\/p>\n<p>\u00a0<\/p>\n<p>La solicitud deber\u00e1 contener y acompa\u00f1arse de lo siguiente: i) el nombre del titular y domicilio u otro medio para comunicarle la respuesta a su solicitud; ii) los documentos que acrediten la identidad o, en su caso, la representaci\u00f3n legal del titular; iii) la descripci\u00f3n clara y precisa de los datos personales respecto de los que se busca ejercer alguno de los derechos antes mencionados; iv) cualquier otro elemento o documento que facilite la localizaci\u00f3n de los datos personales y v) indicar las modificaciones a realizarse y aportar la documentaci\u00f3n que sustente su petici\u00f3n.<\/p>\n<p>\u00a0<\/p>\n<p>En caso de que alguno de los datos personales del titular sea inexacto o incompleto, el titular adem\u00e1s de indicar lo se\u00f1alado anteriormente deber\u00e1 se\u00f1alar las modificaciones a realizarse y aportar la documentaci\u00f3n necesaria que sustente su petici\u00f3n.<\/p>\n<p>\u00a0<\/p>\n<p>ALDEA MAYA TOKTLI OR\u00cdGENES se reserva el derecho a no cancelar los registros de los mencionados datos en los casos espec\u00edficamente se\u00f1alados por la Ley Federal de Protecci\u00f3n de Datos Personales en Posesi\u00f3n de los Particulares, su Reglamento y dem\u00e1s disposiciones legales aplicables.<\/p>\n<p>\u00a0<\/p>\n<p>ALDEA MAYA TOKTLI OR\u00cdGENES tendr\u00e1 un plazo m\u00e1ximo de 20 d\u00edas h\u00e1biles para informar en el domicilio u otro medio que se haya se\u00f1alado en su solicitud para comunicarle la respuesta a su solicitud sobre la procedencia del ejercicio de los derechos ARCO, el cual se puede ampliar por una sola vez en caso de que exista causa justificada.<\/p>\n<p>\u00a0<\/p>\n<p>Trat\u00e1ndose de solicitudes de acceso a datos personales, proceder\u00e1 la entrega previa acreditaci\u00f3n de la identidad del solicitante y titular, para lo cual ALDEA MAYA TOKTLI OR\u00cdGENES har\u00e1 entrega del acuse de recibo a la solicitud. En caso de que la solicitud fuera procedente, se har\u00e1n efectivos los derechos ARCO dentro de los 15 d\u00edas h\u00e1biles siguientes a la fecha de respuesta. Este plazo podr\u00e1 ampliarse por una sola vez por causa justificada solamente 15 d\u00edas m\u00e1s. Si transcurrido el t\u00e9rmino que se se\u00f1ala en la Ley y dem\u00e1s disposiciones legales aplicables, ALDEA MAYA TOKTLI OR\u00cdGENES no diera respuesta a su solicitud o el titular no est\u00e1 conforme con la respuesta, podr\u00e1 presentar una solicitud de protecci\u00f3n de datos ante el Instituto Nacional de Transparencia, Acceso a la Informaci\u00f3n y Protecci\u00f3n de Datos Personales -INAI-.<\/p>\n<p>\u00a0<\/p>\n<p>\u00a0<\/p>\n<p><strong>Revocaci\u00f3n del consentimiento para el uso de sus datos personales<\/strong><\/p>\n<p>Usted puede revocar el consentimiento que, en su caso, nos haya otorgado para el tratamiento de sus datos personales. Sin embargo, es importante que tenga en cuenta que no en todos los casos podremos atender su solicitud o concluir el uso de forma inmediata, ya que es posible que por alguna obligaci\u00f3n legal requiramos seguir tratando sus datos personales. Asimismo, Usted deber\u00e1 considerar que para los fines relacionados para que participe de nuestras actividades o proporcionarle nuestros servicios, la revocaci\u00f3n de su consentimiento implicar\u00e1 que no podemos seguir manteniendo una relaci\u00f3n con Usted.<\/p>\n<p>\u00a0<\/p>\n<p>Para revocar su consentimiento deber\u00e1 presentar su solicitud mediante un correo electr\u00f3nico.<\/p>\n<p>\u00a0<\/p>\n<p>Para conocer el procedimiento y requisitos para la revocaci\u00f3n del consentimiento, Usted podr\u00e1 enviar un correo electr\u00f3nico a la siguiente direcci\u00f3n: aldeatoktli@gmail.com. \u00a0<\/p>\n<p>\u00a0<\/p>\n<p>\u00a0<\/p>\n<p><strong>Opciones y medios para limitar el uso o divulgaci\u00f3n de los datos personales<\/strong><\/p>\n<p>Con objeto de que Usted pueda limitar el uso, divulgaci\u00f3n y el tratamiento de sus datos personales, para fines mercadot\u00e9cnicos, publicitarios o de prospecci\u00f3n comercial por nuestra parte, puede enviar un correo electr\u00f3nico a la siguiente direcci\u00f3n: aldeatoktli@gmail.com.<\/p>\n<p><strong>\u00a0<\/strong><\/p>\n<p><strong>Consentimiento del usuario<\/strong><\/p>\n<p>\u00a0<\/p>\n<p>Estoy de acuerdo con los t\u00e9rminos y condiciones de privacidad y protecci\u00f3n de datos establecidos en el presente Aviso de Privacidad, incluidas la finalidad y tratamiento de dichos datos, por lo que manifiesto mi consentimiento expreso e inequ\u00edvoco para tales efectos.<\/p>\n<p>\u00a0<\/p>\n<p>En caso de que ALDEA MAYA TOKTLI OR\u00cdGENES no reciba su oposici\u00f3n expresa para que sus datos personales sean tratados en la forma y t\u00e9rminos antes descritas, se entender\u00e1 que ha otorgado su consentimiento.<\/p>\n<p>\u00a0<\/p>\n<p>\u00a0<\/p>\n<p><strong>Cookies y publicidad en Internet<\/strong><\/p>\n<p>Cuando Usted interact\u00faa dentro de nuestro sitio web, podemos reunir otra clase de informaci\u00f3n no personal, como el tipo de navegador, la direcci\u00f3n IP y las p\u00e1ginas visitadas, as\u00ed como informaci\u00f3n sobre los servicios que usa, las b\u00fasquedas que realiza, los resultados de esas b\u00fasquedas y otra informaci\u00f3n relacionada con el uso que usted hace dentro de nuestro sitio web.<\/p>\n<p>\u00a0<\/p>\n<p>Tambi\u00e9n usamos cookies y otras tecnolog\u00edas para manejar, mejorar y optimizar nuestro sitio con el fin de ofrecerle una experiencia m\u00e1s personalizada.<\/p>\n<p>\u00a0<\/p>\n<p>Se insiste que la informaci\u00f3n aqu\u00ed se\u00f1alada no incluye ni revela ning\u00fan tipo de dato personal que pudiera permitir la identificaci\u00f3n de los usuarios del sitio web. Si desea impedir la utilizaci\u00f3n de tales herramientas o cookies, le recomendamos deshabilitar estos mecanismos a trav\u00e9s de la configuraci\u00f3n correspondiente de su ordenador y del navegador utilizado.<\/p>\n<p><strong>\u00a0<\/strong><\/p>\n<p><strong>Protecci\u00f3n a la informaci\u00f3n<\/strong><\/p>\n<p>Toda la informaci\u00f3n que Usted ingrese al sitio web de ALDEA MAYA TOKTLI OR\u00cdGENES, ser\u00e1 debidamente tratada y resguardada de conformidad con la Ley Federal de Protecci\u00f3n de Datos Personales en Posesi\u00f3n de los Particulares, su Reglamento y dem\u00e1s disposiciones legales aplicables.<\/p>\n<p><strong>\u00a0<\/strong><\/p>\n<p><strong>Usted controla su informaci\u00f3n personal<\/strong><\/p>\n<p>En ALDEA MAYA TOKTLI OR\u00cdGENES estamos comprometidos con garantizar la privacidad de sus datos personales, d\u00e1ndoles un tratamiento leg\u00edtimo, controlado e informado.<\/p>\n<p>\u00a0<\/p>\n<p>Usted siempre podr\u00e1 negarse o limitarse a proporcionarnos informaci\u00f3n personal, incluso rechazar cookies en su navegador, aunque, como consecuencia de ello, podr\u00eda tener limitaciones para acceder a determinadas funciones o servicios que nuestro sitio web le ofrece.<\/p>\n<p>\u00a0<\/p>\n<p>De igual forma Usted podr\u00e1 decidir, en el momento que desee, dejar de recibir informaci\u00f3n v\u00eda telef\u00f3nica y por medios electr\u00f3nicos; ayudarnos a actualizar o corregir su informaci\u00f3n, as\u00ed como solicitar el retiro de su informaci\u00f3n de nuestro sitio web.<\/p>\n<p><strong>\u00a0<\/strong><\/p>\n<p><strong>Cambios de las pol\u00edticas de privacidad<\/strong><\/p>\n<p>El presente Aviso de Privacidad puede sufrir modificaciones, cambios o actualizaciones derivadas de nuevos requerimientos legales; de nuestras propias necesidades por las actividades y los servicios que ofrecemos; de nuestras pr\u00e1cticas de privacidad; de cambios en nuestro modelo de servicio, o por otras causas.<\/p>\n<p>\u00a0<\/p>\n<p>El procedimiento a trav\u00e9s del cual se llevar\u00e1n a cabo las notificaciones sobre cambios o actualizaciones al presente Aviso de Privacidad es a trav\u00e9s de nuestro sitio web.<\/p>\n<p>\u00a0<\/p>\n<p><strong>Medidas de Seguridad<\/strong><\/p>\n<p>ALDEA MAYA TOKTLI OR\u00cdGENES, es el responsable del debido uso, resguardo y confidencialidad de los datos personales que Usted nos proporciona a trav\u00e9s de los distintos medios que ALDEA MAYA TOKTLI OR\u00cdGENES emplea para brindarle un mejor servicio, en t\u00e9rminos de la Ley Federal de Protecci\u00f3n de Datos Personales en Posesi\u00f3n de los Particulares, su Reglamento y dem\u00e1s disposiciones legales aplicables.<\/p>\n<p>\u00a0<\/p>\n<p>\u00a0<\/p>\n<p><strong>Consentimiento para el tratamiento de sus datos personales<\/strong><\/p>\n<p>Por el s\u00f3lo hecho de proporcionar los datos personales y documentos a ALDEA MAYA TOKTLI OR\u00cdGENES por cualquier medio y leer el presente Aviso de Privacidad, Usted manifiesta su consentimiento expreso a ALDEA MAYA TOKTLI OR\u00cdGENES para que los datos personales y en su caso sensibles proporcionados sean tratados de acuerdo a los t\u00e9rminos y condiciones de este Aviso de Privacidad.\u00a0 \u00a0<\/p>\n<p>\u00a0<\/p>\n<p><strong>Fecha de \u00faltima actualizaci\u00f3n al presente aviso de privacidad: <\/strong>10 de febrero del 2024.<\/p>\n<p>\t\t\t\t\t\t\t\t\t\t\t\t\t<img fetchpriority=\"high\" decoding=\"async\" width=\"199\" height=\"264\" src=\"https:\/\/aldeatoktli.com\/wp-content\/uploads\/2020\/11\/h4-img5.png\" alt=\"s\" \/><\/p>\n","protected":false},"excerpt":{"rendered":"<p>Aldea Maya Toktli Or\u00edgenes Aviso de Privacidad Integral Responsable Melanin Lopez Macias Valadez, (en lo sucesivo \u201cALDEA MAYA TOKTLI OR\u00cdGENES\u201d), con domicilio en Calle 11 X 30, Colonia Guadalupe, Izamal, Yucat\u00e1n, M\u00e9xico, 97540, sitio web: www.aldeatoktli.com, es el responsable del debido tratamiento y resguardo de los datos personales que son recabados de todos aquellos usuarios [&hellip;]<\/p>\n","protected":false},"author":2,"featured_media":0,"parent":0,"menu_order":0,"comment_status":"closed","ping_status":"closed","template":"","meta":{"footnotes":""},"class_list":["post-12968","page","type-page","status-publish","hentry"],"_links":{"self":[{"href":"https:\/\/aldeatoktli.com\/en\/wp-json\/wp\/v2\/pages\/12968","targetHints":{"allow":["GET"]}}],"collection":[{"href":"https:\/\/aldeatoktli.com\/en\/wp-json\/wp\/v2\/pages"}],"about":[{"href":"https:\/\/aldeatoktli.com\/en\/wp-json\/wp\/v2\/types\/page"}],"author":[{"embeddable":true,"href":"https:\/\/aldeatoktli.com\/en\/wp-json\/wp\/v2\/users\/2"}],"replies":[{"embeddable":true,"href":"https:\/\/aldeatoktli.com\/en\/wp-json\/wp\/v2\/comments?post=12968"}],"version-history":[{"count":17,"href":"https:\/\/aldeatoktli.com\/en\/wp-json\/wp\/v2\/pages\/12968\/revisions"}],"predecessor-version":[{"id":12999,"href":"https:\/\/aldeatoktli.com\/en\/wp-json\/wp\/v2\/pages\/12968\/revisions\/12999"}],"wp:attachment":[{"href":"https:\/\/aldeatoktli.com\/en\/wp-json\/wp\/v2\/media?parent=12968"}],"curies":[{"name":"wp","href":"https:\/\/api.w.org\/{rel}","templated":true}]}}