{"id":16601,"date":"2026-03-19T14:27:26","date_gmt":"2026-03-19T20:27:26","guid":{"rendered":"https:\/\/aldeatoktli.com\/?page_id=16601"},"modified":"2026-03-19T18:07:45","modified_gmt":"2026-03-20T00:07:45","slug":"museo-de-la-casa-de-los-mayas","status":"publish","type":"page","link":"https:\/\/aldeatoktli.com\/en\/museo-de-la-casa-de-los-mayas\/","title":{"rendered":"Museum"},"content":{"rendered":"<div data-elementor-type=\"wp-page\" data-elementor-id=\"16601\" class=\"elementor elementor-16601\">\n\t\t\t\t\t\t<section class=\"elementor-section elementor-top-section elementor-element elementor-element-684c57c elementor-section-boxed elementor-section-height-default elementor-section-height-default qodef-elementor-content-no\" data-id=\"684c57c\" data-element_type=\"section\">\n\t\t\t\t\t\t<div class=\"elementor-container elementor-column-gap-default\">\n\t\t\t\t\t<div class=\"elementor-column elementor-col-100 elementor-top-column elementor-element elementor-element-0e3ade4\" data-id=\"0e3ade4\" data-element_type=\"column\">\n\t\t\t<div class=\"elementor-widget-wrap elementor-element-populated\">\n\t\t\t\t\t\t<div class=\"elementor-element elementor-element-e65ddab elementor-widget elementor-widget-text-editor\" data-id=\"e65ddab\" data-element_type=\"widget\" data-widget_type=\"text-editor.default\">\n\t\t\t\t<div class=\"elementor-widget-container\">\n\t\t\t\t\t\t\t\t\t<p><strong>HISTORIA<\/strong><\/p>\t\t\t\t\t\t\t\t<\/div>\n\t\t\t\t<\/div>\n\t\t\t\t<section class=\"elementor-section elementor-inner-section elementor-element elementor-element-8a9469f elementor-section-boxed elementor-section-height-default elementor-section-height-default qodef-elementor-content-no\" data-id=\"8a9469f\" data-element_type=\"section\">\n\t\t\t\t\t\t<div class=\"elementor-container elementor-column-gap-default\">\n\t\t\t\t\t<div class=\"elementor-column elementor-col-50 elementor-inner-column elementor-element elementor-element-08d778b\" data-id=\"08d778b\" data-element_type=\"column\">\n\t\t\t<div class=\"elementor-widget-wrap elementor-element-populated\">\n\t\t\t\t\t\t<div class=\"elementor-element elementor-element-b385fcb elementor-widget elementor-widget-text-editor\" data-id=\"b385fcb\" data-element_type=\"widget\" data-widget_type=\"text-editor.default\">\n\t\t\t\t<div class=\"elementor-widget-container\">\n\t\t\t\t\t\t\t\t\t<p>El museo de la Casa de los Mayas y el hotel regenerativo, naci\u00f3 de un profundo proceso de comprensi\u00f3n del lugar. Durante este proceso, descubrimos que la Casa de los Mayas estaba en peligro de extinci\u00f3n, ya que solo las generaciones mayores de la comunidad hab\u00edan aprendido a construirla en alg\u00fan momento de su infancia. A ra\u00edz de este descubrimiento, invitamos a los antiguos a participar en la construcci\u00f3n de las Casas Maya\u00a0<\/p>\t\t\t\t\t\t\t\t<\/div>\n\t\t\t\t<\/div>\n\t\t\t\t\t<\/div>\n\t\t<\/div>\n\t\t\t\t<div class=\"elementor-column elementor-col-50 elementor-inner-column elementor-element elementor-element-d161722\" data-id=\"d161722\" data-element_type=\"column\">\n\t\t\t<div class=\"elementor-widget-wrap elementor-element-populated\">\n\t\t\t\t\t\t<div class=\"elementor-element elementor-element-4652257 elementor-widget elementor-widget-text-editor\" data-id=\"4652257\" data-element_type=\"widget\" data-widget_type=\"text-editor.default\">\n\t\t\t\t<div class=\"elementor-widget-container\">\n\t\t\t\t\t\t\t\t\t<p>de Aldea Maya Toktli Or\u00edgenes y ellos, a su vez, trajeron a sus nietos para que practicaran con ellos. El proceso de construcci\u00f3n se convirti\u00f3 r\u00e1pidamente en una divertida celebraci\u00f3n del conocimiento. Ahora hemos mostrado a muchas personas alrededor del mundo las t\u00e9cnicas de construcci\u00f3n de la Casa de los Mayas, difundiendo as\u00ed tan valioso y milenario conocimiento.<\/p>\t\t\t\t\t\t\t\t<\/div>\n\t\t\t\t<\/div>\n\t\t\t\t\t<\/div>\n\t\t<\/div>\n\t\t\t\t\t<\/div>\n\t\t<\/section>\n\t\t\t\t<div class=\"elementor-element elementor-element-d583d72 elementor-widget elementor-widget-spacer\" data-id=\"d583d72\" data-element_type=\"widget\" data-widget_type=\"spacer.default\">\n\t\t\t\t<div class=\"elementor-widget-container\">\n\t\t\t\t\t\t\t<div class=\"elementor-spacer\">\n\t\t\t<div class=\"elementor-spacer-inner\"><\/div>\n\t\t<\/div>\n\t\t\t\t\t\t<\/div>\n\t\t\t\t<\/div>\n\t\t\t\t<div class=\"elementor-element elementor-element-7c19276 elementor-widget elementor-widget-image\" data-id=\"7c19276\" data-element_type=\"widget\" data-widget_type=\"image.default\">\n\t\t\t\t<div class=\"elementor-widget-container\">\n\t\t\t\t\t\t\t\t\t\t\t\t\t\t\t<img fetchpriority=\"high\" decoding=\"async\" width=\"247\" height=\"300\" src=\"https:\/\/aldeatoktli.com\/wp-content\/uploads\/2025\/12\/1-6951fac23847a_coso1_1__Balanced-247x300.png\" class=\"attachment-medium size-medium wp-image-15368\" alt=\"\" srcset=\"https:\/\/aldeatoktli.com\/wp-content\/uploads\/2025\/12\/1-6951fac23847a_coso1_1__Balanced-247x300.png 247w, https:\/\/aldeatoktli.com\/wp-content\/uploads\/2025\/12\/1-6951fac23847a_coso1_1__Balanced-843x1024.png 843w, https:\/\/aldeatoktli.com\/wp-content\/uploads\/2025\/12\/1-6951fac23847a_coso1_1__Balanced-768x933.png 768w, https:\/\/aldeatoktli.com\/wp-content\/uploads\/2025\/12\/1-6951fac23847a_coso1_1__Balanced-1264x1536.png 1264w, https:\/\/aldeatoktli.com\/wp-content\/uploads\/2025\/12\/1-6951fac23847a_coso1_1__Balanced-1685x2048.png 1685w, https:\/\/aldeatoktli.com\/wp-content\/uploads\/2025\/12\/1-6951fac23847a_coso1_1__Balanced-600x729.png 600w\" sizes=\"(max-width: 247px) 100vw, 247px\" \/>\t\t\t\t\t\t\t\t\t\t\t\t\t\t\t<\/div>\n\t\t\t\t<\/div>\n\t\t\t\t<div class=\"elementor-element elementor-element-535ab1e elementor-widget elementor-widget-text-editor\" data-id=\"535ab1e\" data-element_type=\"widget\" data-widget_type=\"text-editor.default\">\n\t\t\t\t<div class=\"elementor-widget-container\">\n\t\t\t\t\t\t\t\t\t<p><strong>LA COLECCI\u00d3N<\/strong><\/p>\t\t\t\t\t\t\t\t<\/div>\n\t\t\t\t<\/div>\n\t\t\t\t<section class=\"elementor-section elementor-inner-section elementor-element elementor-element-9777c5e elementor-section-boxed elementor-section-height-default elementor-section-height-default qodef-elementor-content-no\" data-id=\"9777c5e\" data-element_type=\"section\">\n\t\t\t\t\t\t<div class=\"elementor-container elementor-column-gap-default\">\n\t\t\t\t\t<div class=\"elementor-column elementor-col-50 elementor-inner-column elementor-element elementor-element-ea69af7\" data-id=\"ea69af7\" data-element_type=\"column\">\n\t\t\t<div class=\"elementor-widget-wrap elementor-element-populated\">\n\t\t\t\t\t\t<div class=\"elementor-element elementor-element-3a8af59 elementor-widget elementor-widget-text-editor\" data-id=\"3a8af59\" data-element_type=\"widget\" data-widget_type=\"text-editor.default\">\n\t\t\t\t<div class=\"elementor-widget-container\">\n\t\t\t\t\t\t\t\t\t<p>El museo presenta siete hermosas Casas Maya, construidas utilizando t\u00e9cnicas ancestrales y elementos naturales de la regi\u00f3n, delimitadas por los \u00e1rboles nativos del lugar y personificadas a trav\u00e9s de sus antiguos y tradicionales rituales.<\/p><p>Contamos con la participaci\u00f3n del Dr. Aurelio S\u00e1nchez Su\u00e1rez, quien ha dedicado buena parte<\/p>\t\t\t\t\t\t\t\t<\/div>\n\t\t\t\t<\/div>\n\t\t\t\t\t<\/div>\n\t\t<\/div>\n\t\t\t\t<div class=\"elementor-column elementor-col-50 elementor-inner-column elementor-element elementor-element-9d043d4\" data-id=\"9d043d4\" data-element_type=\"column\">\n\t\t\t<div class=\"elementor-widget-wrap elementor-element-populated\">\n\t\t\t\t\t\t<div class=\"elementor-element elementor-element-82aa181 elementor-widget elementor-widget-text-editor\" data-id=\"82aa181\" data-element_type=\"widget\" data-widget_type=\"text-editor.default\">\n\t\t\t\t<div class=\"elementor-widget-container\">\n\t\t\t\t\t\t\t\t\t<p>de su vida en la investigaci\u00f3n de los saberes de la Casa de los Mayas, para nombrar y ocupar parte de su obra en la explicaci\u00f3n del tour del museo. Adem\u00e1s abrigamos una gran colecci\u00f3n de \u00e1rboles frutales, \u00e1rboles florales, arbustos entre otros, con propiedades medicinales y olores exquisitos. Sum\u00e9rgete en el mundo de la herbolaria.<\/p>\t\t\t\t\t\t\t\t<\/div>\n\t\t\t\t<\/div>\n\t\t\t\t\t<\/div>\n\t\t<\/div>\n\t\t\t\t\t<\/div>\n\t\t<\/section>\n\t\t\t\t<div class=\"elementor-element elementor-element-4e29013 elementor-widget elementor-widget-spacer\" data-id=\"4e29013\" data-element_type=\"widget\" data-widget_type=\"spacer.default\">\n\t\t\t\t<div class=\"elementor-widget-container\">\n\t\t\t\t\t\t\t<div class=\"elementor-spacer\">\n\t\t\t<div class=\"elementor-spacer-inner\"><\/div>\n\t\t<\/div>\n\t\t\t\t\t\t<\/div>\n\t\t\t\t<\/div>\n\t\t\t\t<div class=\"elementor-element elementor-element-9b8ee82 elementor-widget elementor-widget-image\" data-id=\"9b8ee82\" data-element_type=\"widget\" data-widget_type=\"image.default\">\n\t\t\t\t<div class=\"elementor-widget-container\">\n\t\t\t\t\t\t\t\t\t\t\t\t\t\t\t<img decoding=\"async\" width=\"300\" height=\"255\" src=\"https:\/\/aldeatoktli.com\/wp-content\/uploads\/2025\/12\/1-695445028e734_canario1__Balanced-300x255.png\" class=\"attachment-medium size-medium wp-image-15407\" alt=\"\" srcset=\"https:\/\/aldeatoktli.com\/wp-content\/uploads\/2025\/12\/1-695445028e734_canario1__Balanced-300x255.png 300w, https:\/\/aldeatoktli.com\/wp-content\/uploads\/2025\/12\/1-695445028e734_canario1__Balanced-1024x871.png 1024w, https:\/\/aldeatoktli.com\/wp-content\/uploads\/2025\/12\/1-695445028e734_canario1__Balanced-768x653.png 768w, https:\/\/aldeatoktli.com\/wp-content\/uploads\/2025\/12\/1-695445028e734_canario1__Balanced-1536x1306.png 1536w, https:\/\/aldeatoktli.com\/wp-content\/uploads\/2025\/12\/1-695445028e734_canario1__Balanced-2048x1742.png 2048w, https:\/\/aldeatoktli.com\/wp-content\/uploads\/2025\/12\/1-695445028e734_canario1__Balanced-600x510.png 600w\" sizes=\"(max-width: 300px) 100vw, 300px\" \/>\t\t\t\t\t\t\t\t\t\t\t\t\t\t\t<\/div>\n\t\t\t\t<\/div>\n\t\t\t\t<div class=\"elementor-element elementor-element-10bccec elementor-widget elementor-widget-text-editor\" data-id=\"10bccec\" data-element_type=\"widget\" data-widget_type=\"text-editor.default\">\n\t\t\t\t<div class=\"elementor-widget-container\">\n\t\t\t\t\t\t\t\t\t<p><b>TOUR DEL MUSEO<\/b><\/p>\t\t\t\t\t\t\t\t<\/div>\n\t\t\t\t<\/div>\n\t\t\t\t<section class=\"elementor-section elementor-inner-section elementor-element elementor-element-46a4d72 elementor-section-boxed elementor-section-height-default elementor-section-height-default qodef-elementor-content-no\" data-id=\"46a4d72\" data-element_type=\"section\">\n\t\t\t\t\t\t<div class=\"elementor-container elementor-column-gap-default\">\n\t\t\t\t\t<div class=\"elementor-column elementor-col-50 elementor-inner-column elementor-element elementor-element-4d8edc8\" data-id=\"4d8edc8\" data-element_type=\"column\">\n\t\t\t<div class=\"elementor-widget-wrap elementor-element-populated\">\n\t\t\t\t\t\t<div class=\"elementor-element elementor-element-aba8825 elementor-widget elementor-widget-text-editor\" data-id=\"aba8825\" data-element_type=\"widget\" data-widget_type=\"text-editor.default\">\n\t\t\t\t<div class=\"elementor-widget-container\">\n\t\t\t\t\t\t\t\t\t<p>Durante el recorrido por el museo, aprender\u00e1 sobre el Solar Maya, los elementos de la Casa Maya, sus t\u00e9cnicas de construcci\u00f3n, su significado f\u00edsico y espiritual, su conexi\u00f3n con la regeneraci\u00f3n y con el sistema de Aldea Maya Toktli Or\u00edgenes. Tambi\u00e9n conocer\u00e1s sobre el sistema regenerativo<\/p>\t\t\t\t\t\t\t\t<\/div>\n\t\t\t\t<\/div>\n\t\t\t\t\t<\/div>\n\t\t<\/div>\n\t\t\t\t<div class=\"elementor-column elementor-col-50 elementor-inner-column elementor-element elementor-element-1d7aec0\" data-id=\"1d7aec0\" data-element_type=\"column\">\n\t\t\t<div class=\"elementor-widget-wrap elementor-element-populated\">\n\t\t\t\t\t\t<div class=\"elementor-element elementor-element-b0c5ae8 elementor-widget elementor-widget-text-editor\" data-id=\"b0c5ae8\" data-element_type=\"widget\" data-widget_type=\"text-editor.default\">\n\t\t\t\t<div class=\"elementor-widget-container\">\n\t\t\t\t\t\t\t\t\t<p>del hotel y las ecotecnolog\u00edas implementadas para reducir la huella ecol\u00f3gica de los visitantes y hu\u00e9spedes.<\/p><p>Al finalizar el recorrido, realizar\u00e1s una pr\u00e1ctica de bajareque\/embarro, t\u00e9cnica ancestral utilizada en la construcci\u00f3n de los muros de la Casa Maya.<\/p>\t\t\t\t\t\t\t\t<\/div>\n\t\t\t\t<\/div>\n\t\t\t\t\t<\/div>\n\t\t<\/div>\n\t\t\t\t\t<\/div>\n\t\t<\/section>\n\t\t\t\t<div class=\"elementor-element elementor-element-750597d elementor-widget elementor-widget-spacer\" data-id=\"750597d\" data-element_type=\"widget\" data-widget_type=\"spacer.default\">\n\t\t\t\t<div class=\"elementor-widget-container\">\n\t\t\t\t\t\t\t<div class=\"elementor-spacer\">\n\t\t\t<div class=\"elementor-spacer-inner\"><\/div>\n\t\t<\/div>\n\t\t\t\t\t\t<\/div>\n\t\t\t\t<\/div>\n\t\t\t\t<div class=\"elementor-element elementor-element-2fd556f elementor-widget elementor-widget-image\" data-id=\"2fd556f\" data-element_type=\"widget\" data-widget_type=\"image.default\">\n\t\t\t\t<div class=\"elementor-widget-container\">\n\t\t\t\t\t\t\t\t\t\t\t\t\t\t\t<img decoding=\"async\" width=\"300\" height=\"265\" src=\"https:\/\/aldeatoktli.com\/wp-content\/uploads\/2026\/01\/cosito121-300x265.png\" class=\"attachment-medium size-medium wp-image-15433\" alt=\"\" srcset=\"https:\/\/aldeatoktli.com\/wp-content\/uploads\/2026\/01\/cosito121-300x265.png 300w, https:\/\/aldeatoktli.com\/wp-content\/uploads\/2026\/01\/cosito121-1024x904.png 1024w, https:\/\/aldeatoktli.com\/wp-content\/uploads\/2026\/01\/cosito121-768x678.png 768w, https:\/\/aldeatoktli.com\/wp-content\/uploads\/2026\/01\/cosito121-600x529.png 600w, https:\/\/aldeatoktli.com\/wp-content\/uploads\/2026\/01\/cosito121.png 1088w\" sizes=\"(max-width: 300px) 100vw, 300px\" \/>\t\t\t\t\t\t\t\t\t\t\t\t\t\t\t<\/div>\n\t\t\t\t<\/div>\n\t\t\t\t<div class=\"elementor-element elementor-element-8625fd1 elementor-widget elementor-widget-text-editor\" data-id=\"8625fd1\" data-element_type=\"widget\" data-widget_type=\"text-editor.default\">\n\t\t\t\t<div class=\"elementor-widget-container\">\n\t\t\t\t\t\t\t\t\t<p><strong>EL TRASFONDO<\/strong><\/p>\t\t\t\t\t\t\t\t<\/div>\n\t\t\t\t<\/div>\n\t\t\t\t<section class=\"elementor-section elementor-inner-section elementor-element elementor-element-d5612d7 elementor-section-boxed elementor-section-height-default elementor-section-height-default qodef-elementor-content-no\" data-id=\"d5612d7\" data-element_type=\"section\">\n\t\t\t\t\t\t<div class=\"elementor-container elementor-column-gap-default\">\n\t\t\t\t\t<div class=\"elementor-column elementor-col-50 elementor-inner-column elementor-element elementor-element-746a3f4\" data-id=\"746a3f4\" data-element_type=\"column\">\n\t\t\t<div class=\"elementor-widget-wrap elementor-element-populated\">\n\t\t\t\t\t\t<div class=\"elementor-element elementor-element-374a4a1 elementor-widget elementor-widget-text-editor\" data-id=\"374a4a1\" data-element_type=\"widget\" data-widget_type=\"text-editor.default\">\n\t\t\t\t<div class=\"elementor-widget-container\">\n\t\t\t\t\t\t\t\t\t<p>El proyecto fue perfeccionado por diversos especialistas en soluciones ecotecnol\u00f3gicas, pulido con un dise\u00f1o de sistemas que imitan la naturaleza; creado por nuestra fundadora durante su Maestr\u00eda en Proyectos Socioambientales y con un enfoque global consolidado durante su certificaci\u00f3n en Estrategias de Negocios Sostenibles de la Escuela de Negocios de Harvard.<\/p><p>El proyecto fue incubado por InnovaUNAM, la incubadora de\u00a0<\/p>\t\t\t\t\t\t\t\t<\/div>\n\t\t\t\t<\/div>\n\t\t\t\t\t<\/div>\n\t\t<\/div>\n\t\t\t\t<div class=\"elementor-column elementor-col-50 elementor-inner-column elementor-element elementor-element-faf38e7\" data-id=\"faf38e7\" data-element_type=\"column\">\n\t\t\t<div class=\"elementor-widget-wrap elementor-element-populated\">\n\t\t\t\t\t\t<div class=\"elementor-element elementor-element-9f6d42d elementor-widget elementor-widget-text-editor\" data-id=\"9f6d42d\" data-element_type=\"widget\" data-widget_type=\"text-editor.default\">\n\t\t\t\t<div class=\"elementor-widget-container\">\n\t\t\t\t\t\t\t\t\t<p>la Universidad Nacional Aut\u00f3noma de M\u00e9xico, considerada la instituci\u00f3n l\u00edder en M\u00e9xico.<\/p><p>Tras su lanzamiento, el Estado de Yucat\u00e1n nos declar\u00f3 Aldea Tem\u00e1tica y nos otorg\u00f3 el Distintivo Yucat\u00e1n de Calidad. La Secretar\u00eda Federal nos otorg\u00f3 el Distintivo de Prestadores de Servicios Tur\u00edsticos Comunitarios y recibimos el premio del Jaguar del Turismo en Hoteler\u00eda Sostenible.<\/p>\t\t\t\t\t\t\t\t<\/div>\n\t\t\t\t<\/div>\n\t\t\t\t\t<\/div>\n\t\t<\/div>\n\t\t\t\t\t<\/div>\n\t\t<\/section>\n\t\t\t\t\t<\/div>\n\t\t<\/div>\n\t\t\t\t\t<\/div>\n\t\t<\/section>\n\t\t\t\t<section class=\"elementor-section elementor-top-section elementor-element elementor-element-59cdbb6 elementor-section-boxed elementor-section-height-default elementor-section-height-default qodef-elementor-content-no\" data-id=\"59cdbb6\" data-element_type=\"section\">\n\t\t\t\t\t\t<div class=\"elementor-container elementor-column-gap-default\">\n\t\t\t\t\t<div class=\"elementor-column elementor-col-100 elementor-top-column elementor-element elementor-element-fd793ce\" data-id=\"fd793ce\" data-element_type=\"column\">\n\t\t\t<div class=\"elementor-widget-wrap elementor-element-populated\">\n\t\t\t\t\t\t<div class=\"elementor-element elementor-element-a76e005 elementor-widget elementor-widget-text-editor\" data-id=\"a76e005\" data-element_type=\"widget\" data-widget_type=\"text-editor.default\">\n\t\t\t\t<div class=\"elementor-widget-container\">\n\t\t\t\t\t\t\t\t\t<p><strong>\u00a1VEN A REINVENTARTE!<\/strong><\/p>\t\t\t\t\t\t\t\t<\/div>\n\t\t\t\t<\/div>\n\t\t\t\t<div class=\"elementor-element elementor-element-2181f90 elementor-widget elementor-widget-spacer\" data-id=\"2181f90\" data-element_type=\"widget\" data-widget_type=\"spacer.default\">\n\t\t\t\t<div class=\"elementor-widget-container\">\n\t\t\t\t\t\t\t<div class=\"elementor-spacer\">\n\t\t\t<div class=\"elementor-spacer-inner\"><\/div>\n\t\t<\/div>\n\t\t\t\t\t\t<\/div>\n\t\t\t\t<\/div>\n\t\t\t\t<div class=\"elementor-element elementor-element-d012b0b elementor-invisible elementor-widget elementor-widget-image\" data-id=\"d012b0b\" data-element_type=\"widget\" data-settings=\"{&quot;_animation&quot;:&quot;fadeInDown&quot;}\" data-widget_type=\"image.default\">\n\t\t\t\t<div class=\"elementor-widget-container\">\n\t\t\t\t\t\t\t\t\t\t\t\t\t\t\t<img loading=\"lazy\" decoding=\"async\" width=\"219\" height=\"300\" src=\"https:\/\/aldeatoktli.com\/wp-content\/uploads\/2025\/12\/Iguana22-219x300.png\" class=\"attachment-medium size-medium wp-image-15411\" alt=\"\" srcset=\"https:\/\/aldeatoktli.com\/wp-content\/uploads\/2025\/12\/Iguana22-219x300.png 219w, https:\/\/aldeatoktli.com\/wp-content\/uploads\/2025\/12\/Iguana22-747x1024.png 747w, https:\/\/aldeatoktli.com\/wp-content\/uploads\/2025\/12\/Iguana22-768x1052.png 768w, https:\/\/aldeatoktli.com\/wp-content\/uploads\/2025\/12\/Iguana22-600x822.png 600w, https:\/\/aldeatoktli.com\/wp-content\/uploads\/2025\/12\/Iguana22.png 864w\" sizes=\"(max-width: 219px) 100vw, 219px\" \/>\t\t\t\t\t\t\t\t\t\t\t\t\t\t\t<\/div>\n\t\t\t\t<\/div>\n\t\t\t\t\t<\/div>\n\t\t<\/div>\n\t\t\t\t\t<\/div>\n\t\t<\/section>\n\t\t\t\t<\/div>","protected":false},"excerpt":{"rendered":"<p>HISTORIA El museo de la Casa de los Mayas y el hotel regenerativo, naci\u00f3 de un profundo proceso de comprensi\u00f3n del lugar. Durante este proceso, descubrimos que la Casa de los Mayas estaba en peligro de extinci\u00f3n, ya que solo las generaciones mayores de la comunidad hab\u00edan aprendido a construirla en alg\u00fan momento de su [&hellip;]<\/p>\n","protected":false},"author":2,"featured_media":0,"parent":0,"menu_order":0,"comment_status":"closed","ping_status":"closed","template":"","meta":{"footnotes":""},"class_list":["post-16601","page","type-page","status-publish","hentry"],"_links":{"self":[{"href":"https:\/\/aldeatoktli.com\/en\/wp-json\/wp\/v2\/pages\/16601","targetHints":{"allow":["GET"]}}],"collection":[{"href":"https:\/\/aldeatoktli.com\/en\/wp-json\/wp\/v2\/pages"}],"about":[{"href":"https:\/\/aldeatoktli.com\/en\/wp-json\/wp\/v2\/types\/page"}],"author":[{"embeddable":true,"href":"https:\/\/aldeatoktli.com\/en\/wp-json\/wp\/v2\/users\/2"}],"replies":[{"embeddable":true,"href":"https:\/\/aldeatoktli.com\/en\/wp-json\/wp\/v2\/comments?post=16601"}],"version-history":[{"count":44,"href":"https:\/\/aldeatoktli.com\/en\/wp-json\/wp\/v2\/pages\/16601\/revisions"}],"predecessor-version":[{"id":16650,"href":"https:\/\/aldeatoktli.com\/en\/wp-json\/wp\/v2\/pages\/16601\/revisions\/16650"}],"wp:attachment":[{"href":"https:\/\/aldeatoktli.com\/en\/wp-json\/wp\/v2\/media?parent=16601"}],"curies":[{"name":"wp","href":"https:\/\/api.w.org\/{rel}","templated":true}]}}