{"id":14441,"date":"2025-07-30T09:50:41","date_gmt":"2025-07-30T15:50:41","guid":{"rendered":"https:\/\/aldeatoktli.com\/?post_type=product&#038;p=14441"},"modified":"2025-12-01T11:46:44","modified_gmt":"2025-12-01T17:46:44","slug":"papel-reciclado","status":"publish","type":"product","link":"https:\/\/aldeatoktli.com\/en\/product\/papel-reciclado\/","title":{"rendered":"Taller de papel reciclado"},"content":{"rendered":"<h4><span style=\"color: #c21b71; font-size: 30px;\">\u00bfQu\u00e9 incluye?<\/span><\/h4>\n<ul>\n<li><span style=\"color: #474747; font-size: 20px;\">Tres hojas recicladas a tu gusto.<\/span><\/li>\n<li><span style=\"color: #474747; font-size: 20px;\">Todos los ingredientes necesarios para hacer tus hojas recicladas.<\/span><\/li>\n<li><span style=\"color: #474747; font-size: 20px;\">Tour del Museo de la Casa Maya &amp; el hotel sostenible. <\/span><\/li>\n<li><span style=\"color: #474747; font-size: 20px;\">Instructor para el taller y gu\u00eda para el tour.<\/span><\/li>\n<li><span style=\"color: #474747; font-size: 20px;\">Pdf de lo que aprendes.<\/span><\/li>\n<li><span style=\"color: #474747; font-size: 20px;\">Bebida de cortes\u00eda.<br \/>\n<\/span><\/li>\n<\/ul>\n<h4><span style=\"color: #c21b71; font-size: 30px;\">\u00bfQui\u00e9n lo imparte?<\/span><\/h4>\n<p><span style=\"color: #474747; font-size: 20px;\">La Mtra. Actuaria Melanin L\u00f3pez Macias Valadez tiene una licenciatura en Actuar\u00eda por la Universidad Nacional Aut\u00f3noma de M\u00e9xico (UNAM), una maestr\u00eda en Proyectos Socioambientales por la UMA, una certificaci\u00f3n en Sustainable Business Strategy por la universidad de Harvard, una certificaci\u00f3n en Sustainable Lifestyles de las Naciones Unidas y un diplomado en Desarrollo de Aplicaciones M\u00f3viles y Realidad Aumentada por el ITESM. Realiz\u00f3 los talleres en turismo regenerativo, manejo integral de residuos y manifestaci\u00f3n de impacto ambiental por la UMA y diversos cursos en construcci\u00f3n de paneles solares, bombeo solar fotovoltaico, energ\u00eda solar fotovoltaica, captaci\u00f3n de agua de lluvia, permacultura, construcci\u00f3n con barro, construcci\u00f3n con bamb\u00fa y elaboraci\u00f3n de jabones artesanales. Actualmente la Mtra. Actuaria Melanin L\u00f3pez se ha presentado en diferentes foros sobre turismo y arquitectura regenerativa tales como el Festival Internacional de Arquitectura, que se llev\u00f3 a cabo en Agosto de 2025, en la ciudad de M\u00e9rida y en ATMEX 2025; Adventure Travel Network as\u00ed como diversos foros de temas afines.<\/span><\/p>\n<p><span style=\"color: #474747; font-size: 20px;\">Desde hace 17 a\u00f1os es Global Vendor Relations Director de la empresa newyorkina m\u00e1s importante en Social Employee Recognition a nivel internacional y desde hace 6 a\u00f1os comenz\u00f3 la construcci\u00f3n de Aldea Maya Toktli Or\u00edgenes; hotel y museo de la Casa Maya &amp; el hotel sostenible. Mismo que requiri\u00f3 un proceso de coevoluci\u00f3n de tres a\u00f1os y medio con la naturaleza y comunidad local.<\/span><\/p>\n<p>&nbsp;<\/p>\n<h4><span style=\"color: #c21b71; font-size: 30px;\">\u00bfEn d\u00f3nde se imparte?<\/span><\/h4>\n<p><span style=\"color: #474747; font-size: 20px;\">El hotel y museo Aldea Maya Toktli Or\u00edgenes, inicialmente proyecto Toktli Or\u00edgenes, fue incubado con InnovaUNAM; la incubadora de la UNAM, recibi\u00f3 el Distintivo Yucat\u00e1n de calidad, recibi\u00f3 el premio Jaguar del turismo en hoteler\u00eda sostenible y Aldea Maya Toktli Or\u00edgenes, fue nombrada una de las diez aldeas mayas tem\u00e1ticas del estado de Yucat\u00e1n, aparece en el libro de 365 D\u00edas en Yucat\u00e1n, as\u00ed como en diversos reportajes de peri\u00f3dicos como La Jornada Maya, revistas como Yucat\u00e1n Today y presentaciones de radio en Radio F\u00f3rmula 94.5. La Aldea a recibido a diversos influencers, secretarios de turismo y chefs de talla internacional. Recientemente el hotel y museo fue declarado por la revista mundialmente reconocida, Lonely Planet, como uno de los 50 mejores hoteles de M\u00e9xico y uno de los 7 hoteles del pa\u00eds reconocidos como estancias \u00fanicas. <a href=\"https:\/\/www.lonelyplanet.com\/articles\/where-to-stay-in-mexico\">https:\/\/www.lonelyplanet.com\/articles\/where-to-stay-in-mexico<\/a><\/span><\/p>\n<p>&nbsp;<\/p>\n<h4><span style=\"color: #c21b71; font-size: 30px;\">\u00bfQu\u00e9 traer?<\/span><\/h4>\n<p class=\"elementor-widget-container\"><span style=\"color: #474747; font-size: 20px;\">Para disfrutar mejor del taller, sugerimos llevar calzado y ropa c\u00f3modos. Trae tu crema de protecci\u00f3n solar y repelente de mosquitos en caso de que quieras usarlos.<\/span><\/p>\n<p>&nbsp;<\/p>\n<h4><span style=\"color: #c21b71; font-size: 30px;\">\u00bfQuieres una experiencia m\u00e1s completa?<\/span><\/h4>\n<p><span style=\"color: #474747; font-size: 20px;\">Hosp\u00e9date en el museo de la Casa Maya<\/span><span style=\"color: #474747; font-size: 20px;\"> y vive una aut\u00e9ntica experiencia. Las habitaciones fueron edificadas con las t\u00e9cnicas de construcci\u00f3n maya, dise\u00f1adas durante miles de a\u00f1os. Duerme dentro de una de las Aldeas Tem\u00e1ticas del Estado de Yucat\u00e1n, recientemente declarado por la revista mundialmente reconocida, Lonely Planet, como uno de los 50 mejores hoteles de M\u00e9xico y uno de los 7 hoteles del pa\u00eds reconocidos como estancias \u00fanicas. \u00bfQu\u00e9 esperas? \u00a1Completa tu experiencia!. <\/span><\/p>\n<p><span style=\"color: #474747; font-size: 20px;\">Reserva aqu\u00ed: <a href=\"https:\/\/aldeatoktli.com\/en\/casas-maya\/\">https:\/\/aldeatoktli.com\/casas-maya\/<\/a><\/span><\/p>\n<p>&nbsp;<\/p>\n<p><span style=\"color: #474747; font-size: 20px;\">Tambi\u00e9n contamos con otros talleres, engrandece tu vivencia aqu\u00ed: <a href=\"https:\/\/aldeatoktli.com\/en\/tienda\/\">https:\/\/aldeatoktli.com\/tienda\/<\/a><\/span><\/p>","protected":false},"excerpt":{"rendered":"<p>Aprende a elaborar papel reciclado. Crea tus propias libretas con hojas decoradas con flores y semillas, p\u00edntalas con tus colores favoritos. Divi\u00e9rtete ayudando al planeta.<\/p>\n<p>Mientras esperamos que sequen tus hojas de papel reciclado, disfruta de un recorrido guiado por el Museo de la Casa Maya &amp; el hotel sostenible y vive una experiencia inolvidable.<\/p>\n<p>&nbsp;<\/p>\n<h6><strong>Duraci\u00f3n: 2\u00a0horas.<\/strong><\/h6>\n<h6><strong>Para 2 a 20 personas.<\/strong><\/h6>","protected":false},"featured_media":15027,"comment_status":"open","ping_status":"closed","template":"","meta":[],"product_brand":[],"product_cat":[137],"product_tag":[],"class_list":{"0":"post-14441","1":"product","2":"type-product","3":"status-publish","4":"has-post-thumbnail","6":"product_cat-talleres","8":"first","9":"instock","10":"shipping-taxable","11":"purchasable","12":"product-type-simple"},"_links":{"self":[{"href":"https:\/\/aldeatoktli.com\/en\/wp-json\/wp\/v2\/product\/14441","targetHints":{"allow":["GET"]}}],"collection":[{"href":"https:\/\/aldeatoktli.com\/en\/wp-json\/wp\/v2\/product"}],"about":[{"href":"https:\/\/aldeatoktli.com\/en\/wp-json\/wp\/v2\/types\/product"}],"replies":[{"embeddable":true,"href":"https:\/\/aldeatoktli.com\/en\/wp-json\/wp\/v2\/comments?post=14441"}],"wp:featuredmedia":[{"embeddable":true,"href":"https:\/\/aldeatoktli.com\/en\/wp-json\/wp\/v2\/media\/15027"}],"wp:attachment":[{"href":"https:\/\/aldeatoktli.com\/en\/wp-json\/wp\/v2\/media?parent=14441"}],"wp:term":[{"taxonomy":"product_brand","embeddable":true,"href":"https:\/\/aldeatoktli.com\/en\/wp-json\/wp\/v2\/product_brand?post=14441"},{"taxonomy":"product_cat","embeddable":true,"href":"https:\/\/aldeatoktli.com\/en\/wp-json\/wp\/v2\/product_cat?post=14441"},{"taxonomy":"product_tag","embeddable":true,"href":"https:\/\/aldeatoktli.com\/en\/wp-json\/wp\/v2\/product_tag?post=14441"}],"curies":[{"name":"wp","href":"https:\/\/api.w.org\/{rel}","templated":true}]}}