{"id":14558,"date":"2025-08-01T16:15:39","date_gmt":"2025-08-01T22:15:39","guid":{"rendered":"https:\/\/aldeatoktli.com\/?post_type=product&#038;p=14558"},"modified":"2025-11-12T22:07:35","modified_gmt":"2025-11-13T04:07:35","slug":"tour-izamal","status":"publish","type":"product","link":"https:\/\/aldeatoktli.com\/en\/product\/tour-izamal\/","title":{"rendered":"Tour hist\u00f3rico de Izamal caminando"},"content":{"rendered":"<h4><span style=\"color: #c21b71; font-size: 30px;\">\u00bfQu\u00e9 incluye?<\/span><\/h4>\n<ul>\n<li><span style=\"color: #474747; font-size: 20px;\">Recorrido para hasta 15 personas.<\/span><\/li>\n<li><span style=\"color: #474747; font-size: 20px;\">Gu\u00eda para el recorrido de Izamal.<\/span><\/li>\n<li><span style=\"color: #474747; font-size: 20px;\">Bebida de cortes\u00eda.<\/span><\/li>\n<\/ul>\n<p>&nbsp;<\/p>\n<h4><span style=\"color: #c21b71; font-size: 30px;\">\u00bfQu\u00e9 traer?<\/span><\/h4>\n<p class=\"elementor-widget-container\"><span style=\"color: #474747; font-size: 20px;\">Para disfrutar mejor del tour, sugerimos llevar calzado y ropa c\u00f3moda. Trae tu crema de protecci\u00f3n solar y repelente de mosquitos en caso de que quieras usarlos.<\/span><\/p>","protected":false},"excerpt":{"rendered":"<div class=\"elementor-element elementor-element-b0e5457 elementor-widget elementor-widget-augustine_core_image_with_text\" data-id=\"b0e5457\" data-element_type=\"widget\" data-widget_type=\"augustine_core_image_with_text.default\">\n<div class=\"elementor-widget-container\">\n<div class=\"qodef-shortcode qodef-m qodef-image-with-text qodef-layout--text-below\">\n<p class=\"qodef-m-content\">Realiza un recorrido por las zonas emblem\u00e1ticas de Izamal, acompa\u00f1ado de un gu\u00eda profesional. Descubre la historia de &#8220;la ciudad de las tres Culturas&#8221; en un recorrido entre pir\u00e1mides, calles coloniales y el segundo atrio m\u00e1s grande del mundo despu\u00e9s del Vaticano.<\/p>\n<h6><\/h6>\n<\/div>\n<\/div>\n<\/div>\n<div class=\"elementor-element elementor-element-48ee711 elementor-widget elementor-widget-text-editor\" data-id=\"48ee711\" data-element_type=\"widget\" data-widget_type=\"text-editor.default\">\n<div class=\"elementor-widget-container\">\n<h6><strong>Duraci\u00f3n: 2\u00a0horas.<\/strong><\/h6>\n<h6><strong>El precio incluye de 1 a 15 personas.<\/strong><\/h6>\n<\/div>\n<\/div>","protected":false},"featured_media":14195,"comment_status":"open","ping_status":"closed","template":"","meta":[],"product_brand":[],"product_cat":[141],"product_tag":[],"class_list":{"0":"post-14558","1":"product","2":"type-product","3":"status-publish","4":"has-post-thumbnail","6":"product_cat-tour","8":"first","9":"instock","10":"virtual","11":"purchasable","12":"product-type-simple"},"_links":{"self":[{"href":"https:\/\/aldeatoktli.com\/en\/wp-json\/wp\/v2\/product\/14558","targetHints":{"allow":["GET"]}}],"collection":[{"href":"https:\/\/aldeatoktli.com\/en\/wp-json\/wp\/v2\/product"}],"about":[{"href":"https:\/\/aldeatoktli.com\/en\/wp-json\/wp\/v2\/types\/product"}],"replies":[{"embeddable":true,"href":"https:\/\/aldeatoktli.com\/en\/wp-json\/wp\/v2\/comments?post=14558"}],"wp:featuredmedia":[{"embeddable":true,"href":"https:\/\/aldeatoktli.com\/en\/wp-json\/wp\/v2\/media\/14195"}],"wp:attachment":[{"href":"https:\/\/aldeatoktli.com\/en\/wp-json\/wp\/v2\/media?parent=14558"}],"wp:term":[{"taxonomy":"product_brand","embeddable":true,"href":"https:\/\/aldeatoktli.com\/en\/wp-json\/wp\/v2\/product_brand?post=14558"},{"taxonomy":"product_cat","embeddable":true,"href":"https:\/\/aldeatoktli.com\/en\/wp-json\/wp\/v2\/product_cat?post=14558"},{"taxonomy":"product_tag","embeddable":true,"href":"https:\/\/aldeatoktli.com\/en\/wp-json\/wp\/v2\/product_tag?post=14558"}],"curies":[{"name":"wp","href":"https:\/\/api.w.org\/{rel}","templated":true}]}}