{"id":14564,"date":"2025-08-01T16:37:10","date_gmt":"2025-08-01T22:37:10","guid":{"rendered":"https:\/\/aldeatoktli.com\/?post_type=product&#038;p=14564"},"modified":"2026-04-27T10:10:48","modified_gmt":"2026-04-27T16:10:48","slug":"masaje","status":"publish","type":"product","link":"https:\/\/aldeatoktli.com\/en\/product\/masaje\/","title":{"rendered":"Masaje tradicional maya"},"content":{"rendered":"<h4><span style=\"color: #c21b71; font-size: 30px;\">\u00bfQu\u00e9 incluye?<\/span><\/h4>\n<ul>\n<li><span style=\"color: #474747;\"><span style=\"font-size: 20px;\">Profesionista en masajes.<\/span><\/span><\/li>\n<li><span style=\"color: #474747; font-size: 20px;\">Bebida de cortes\u00eda.<\/span><\/li>\n<\/ul>\n<h4><\/h4>\n<h4><span style=\"color: #c21b71; font-size: 30px;\">\u00bfEn d\u00f3nde?<\/span><\/h4>\n<p><span style=\"color: #474747; font-size: 20px;\">El hotel y museo Aldea Maya Toktli Or\u00edgenes, inicialmente proyecto Toktli Or\u00edgenes, fue incubado con InnovaUNAM; la incubadora de la UNAM, recibi\u00f3 el Distintivo Yucat\u00e1n de calidad, recibi\u00f3 el premio Jaguar del turismo en hoteler\u00eda sostenible y Aldea Maya Toktli Or\u00edgenes, fue nombrada una de las diez aldeas mayas tem\u00e1ticas del estado de Yucat\u00e1n, aparece en el libro de 365 D\u00edas en Yucat\u00e1n, as\u00ed como en diversos reportajes de peri\u00f3dicos como La Jornada Maya, revistas como Yucat\u00e1n Today y presentaciones de radio en Radio F\u00f3rmula 94.5. La Aldea a recibido a diversos influencers, secretarios de turismo y chefs de talla internacional. Recientemente el hotel y museo fue declarado por la revista mundialmente reconocida, Lonely Planet, como uno de los 50 mejores hoteles de M\u00e9xico y uno de los 7 hoteles del pa\u00eds reconocidos como estancias \u00fanicas. <a href=\"https:\/\/www.lonelyplanet.com\/articles\/where-to-stay-in-mexico\">https:\/\/www.lonelyplanet.com\/articles\/where-to-stay-in-mexico<\/a><\/span><\/p>\n<h4><\/h4>\n<h4><span style=\"color: #c21b71; font-size: 30px;\">\u00bfQu\u00e9 traer?<\/span><\/h4>\n<p class=\"elementor-widget-container\"><span style=\"color: #474747; font-size: 20px;\">Para disfrutar mejor de la ceremonia, sugerimos llevar calzado y ropa c\u00f3modos tipo traje de ba\u00f1o. Trae tu crema de protecci\u00f3n solar y repelente de mosquitos en caso de que quieras usarlos.<\/span><\/p>\n<p>&nbsp;<\/p>\n<h4><span style=\"color: #c21b71; font-size: 30px;\">\u00bfQuieres una experiencia m\u00e1s completa?<\/span><\/h4>\n<p><span style=\"color: #474747; font-size: 20px;\">Hosp\u00e9date en el museo de la Casa Maya<\/span><span style=\"color: #474747; font-size: 20px;\"> y vive una aut\u00e9ntica experiencia. Las habitaciones fueron edificadas con las t\u00e9cnicas de construcci\u00f3n maya, dise\u00f1adas durante miles de a\u00f1os. Duerme dentro de una de las Aldeas Tem\u00e1ticas del Estado de Yucat\u00e1n, recientemente declarado por la revista mundialmente reconocida, Lonely Planet, como uno de los 50 mejores hoteles de M\u00e9xico y uno de los 7 hoteles del pa\u00eds reconocidos como estancias \u00fanicas. \u00bfQu\u00e9 esperas? \u00a1Completa tu experiencia!. <\/span><\/p>\n<p><span style=\"color: #474747; font-size: 20px;\">Reserva aqu\u00ed: <a href=\"https:\/\/aldeatoktli.com\/en\/casas-maya\/\">https:\/\/aldeatoktli.com\/casas-maya\/<\/a><\/span><\/p>\n<p>&nbsp;<\/p>\n<p><span style=\"color: #474747; font-size: 20px;\">Tambi\u00e9n contamos con otros talleres, engrandece tu vivencia aqu\u00ed: <a href=\"https:\/\/aldeatoktli.com\/en\/tienda\/\">https:\/\/aldeatoktli.com\/tienda\/<\/a><\/span><\/p>","protected":false},"excerpt":{"rendered":"<div class=\"elementor-element elementor-element-b0e5457 elementor-widget elementor-widget-augustine_core_image_with_text\" data-id=\"b0e5457\" data-element_type=\"widget\" data-widget_type=\"augustine_core_image_with_text.default\">\n<div class=\"elementor-widget-container\">\n<div class=\"qodef-shortcode qodef-m qodef-image-with-text qodef-layout--text-below\">\n<p class=\"qodef-m-content\">Disfruta de un delicioso masaje mientras te deleitas con el canto de las aves y los sonidos de la naturaleza. Consiente a tu cuerpo y relaja tu mente.<\/p>\n<h6><\/h6>\n<\/div>\n<\/div>\n<\/div>\n<div class=\"elementor-element elementor-element-48ee711 elementor-widget elementor-widget-text-editor\" data-id=\"48ee711\" data-element_type=\"widget\" data-widget_type=\"text-editor.default\">\n<div class=\"elementor-widget-container\">\n<h6><strong>Para 1 persona.<\/strong><br \/>\n<strong>Duraci\u00f3n: 1 hora.<\/strong><\/h6>\n<\/div>\n<\/div>","protected":false},"featured_media":15067,"comment_status":"open","ping_status":"closed","template":"","meta":[],"product_brand":[],"product_cat":[138],"product_tag":[],"class_list":{"0":"post-14564","1":"product","2":"type-product","3":"status-publish","4":"has-post-thumbnail","6":"product_cat-spa","8":"first","9":"instock","10":"virtual","11":"purchasable","12":"product-type-simple"},"_links":{"self":[{"href":"https:\/\/aldeatoktli.com\/en\/wp-json\/wp\/v2\/product\/14564","targetHints":{"allow":["GET"]}}],"collection":[{"href":"https:\/\/aldeatoktli.com\/en\/wp-json\/wp\/v2\/product"}],"about":[{"href":"https:\/\/aldeatoktli.com\/en\/wp-json\/wp\/v2\/types\/product"}],"replies":[{"embeddable":true,"href":"https:\/\/aldeatoktli.com\/en\/wp-json\/wp\/v2\/comments?post=14564"}],"wp:featuredmedia":[{"embeddable":true,"href":"https:\/\/aldeatoktli.com\/en\/wp-json\/wp\/v2\/media\/15067"}],"wp:attachment":[{"href":"https:\/\/aldeatoktli.com\/en\/wp-json\/wp\/v2\/media?parent=14564"}],"wp:term":[{"taxonomy":"product_brand","embeddable":true,"href":"https:\/\/aldeatoktli.com\/en\/wp-json\/wp\/v2\/product_brand?post=14564"},{"taxonomy":"product_cat","embeddable":true,"href":"https:\/\/aldeatoktli.com\/en\/wp-json\/wp\/v2\/product_cat?post=14564"},{"taxonomy":"product_tag","embeddable":true,"href":"https:\/\/aldeatoktli.com\/en\/wp-json\/wp\/v2\/product_tag?post=14564"}],"curies":[{"name":"wp","href":"https:\/\/api.w.org\/{rel}","templated":true}]}}