{"id":14992,"date":"2025-10-19T08:31:04","date_gmt":"2025-10-19T14:31:04","guid":{"rendered":"https:\/\/aldeatoktli.com\/?post_type=product&#038;p=14992"},"modified":"2026-04-27T10:07:31","modified_gmt":"2026-04-27T16:07:31","slug":"temazcal-ceremonial","status":"publish","type":"product","link":"https:\/\/aldeatoktli.com\/en\/product\/temazcal-ceremonial\/","title":{"rendered":"Temazcal Ceremonial \u2013 Purificaci\u00f3n y Renacimiento"},"content":{"rendered":"<p><span style=\"color: #474747; font-size: 20px;\">El Temazcal de Xochikalli es reconocido como uno de los mejores del pa\u00eds, no solo por la fuerza de su energ\u00eda y la profundidad de sus ceremonias, sino por la gu\u00eda sabia de sus guardianes, quienes provienen directamente de tradiciones ancestrales. Cada ceremonia es conducida con respeto, conocimiento y conexi\u00f3n espiritual heredada de generaciones.<br \/>\nDentro del vientre sagrado del temazcal; el fuego, el agua, el copal y las plantas medicinales, se unen para sanar cuerpo, mente y esp\u00edritu. Las hierbas son cuidadosamente elegidas por su poder curativo y su relaci\u00f3n con los elementos naturales, creando un espacio de purificaci\u00f3n y renacimiento. Los poros se abren, las toxinas se liberan, la mente se aquieta y el coraz\u00f3n se expande. Sientes equilibrio, ligereza y una paz que nace desde lo m\u00e1s profundo. M\u00e1s que una experiencia, este temazcal es un retorno a las ra\u00edces, un encuentro con lo sagrado y con la medicina viva de la tierra.<\/span><\/p>\n<h4><span style=\"color: #c21b71; font-size: 30px;\">\u00bfQu\u00e9 incluye?<\/span><\/h4>\n<ul>\n<li><span style=\"color: #474747; font-size: 20px;\">Todas las herramientas e ingredientes necesarios para la ejecuci\u00f3n del temazcal.<\/span><\/li>\n<li><span style=\"color: #474747; font-size: 20px;\">Gu\u00edas de Temazcal.<\/span><\/li>\n<\/ul>\n<p>&nbsp;<\/p>\n<h5><span style=\"color: #c21b71; font-size: 30px;\">\u00bfQui\u00e9n lo imparte?<\/span><\/h5>\n<p><span style=\"color: #474747; font-size: 20px;\">Guiado por Jaslyn Salgado, m\u00fasico ceremonial y Cuauhtzin, \u00c1guila de Fuego, guardi\u00e1n del fuego sagrado. Son gu\u00edas de temazcales con m\u00e1s de cuatro a\u00f1os de experiencia acompa\u00f1ando ceremonias en Yucat\u00e1n. Jazlyn y Cuauhtzin combinan su formaci\u00f3n en m\u00fasica, su conexi\u00f3n con la tradici\u00f3n y su visi\u00f3n hol\u00edstica para ofrecer un espacio de armon\u00eda, introspecci\u00f3n y renovaci\u00f3n.<\/span><\/p>\n<p>&nbsp;<\/p>\n<h4><span style=\"color: #c21b71; font-size: 30px;\">\u00bfEn d\u00f3nde se imparte?<\/span><\/h4>\n<p><span style=\"color: #474747; font-size: 20px;\">El hotel y museo Aldea Maya Toktli Or\u00edgenes, inicialmente proyecto Toktli Or\u00edgenes, fue incubado con InnovaUNAM; la incubadora de la UNAM, recibi\u00f3 el Distintivo Yucat\u00e1n de calidad, recibi\u00f3 el premio Jaguar del turismo en hoteler\u00eda sostenible y Aldea Maya Toktli Or\u00edgenes, fue nombrada una de las diez aldeas mayas tem\u00e1ticas del estado de Yucat\u00e1n, aparece en el libro de 365 D\u00edas en Yucat\u00e1n, as\u00ed como en diversos reportajes de peri\u00f3dicos como La Jornada Maya, revistas como Yucat\u00e1n Today y presentaciones de radio en Radio F\u00f3rmula 94.5. La Aldea a recibido a diversos influencers, secretarios de turismo y chefs de talla internacional. Recientemente el hotel y museo fue declarado por la revista mundialmente reconocida, Lonely Planet, como uno de los 50 mejores hoteles de M\u00e9xico y uno de los 7 hoteles del pa\u00eds reconocidos como estancias \u00fanicas. <a href=\"https:\/\/www.lonelyplanet.com\/articles\/where-to-stay-in-mexico\">https:\/\/www.lonelyplanet.com\/articles\/where-to-stay-in-mexico<\/a><\/span><\/p>\n<h4><\/h4>\n<h4><span style=\"color: #c21b71; font-size: 30px;\">\u00bfQu\u00e9 traer?<\/span><\/h4>\n<p class=\"elementor-widget-container\"><span style=\"color: #474747; font-size: 20px;\">Para disfrutar mejor de la ceremonia, sugerimos llevar calzado y ropa c\u00f3modos tipo traje de ba\u00f1o. Trae tu crema de protecci\u00f3n solar y repelente de mosquitos en caso de que quieras usarlos.<\/span><\/p>\n<p>&nbsp;<\/p>\n<h4><span style=\"color: #c21b71; font-size: 30px;\">\u00bfQuieres una experiencia m\u00e1s completa?<\/span><\/h4>\n<p><span style=\"color: #474747; font-size: 20px;\">Hosp\u00e9date en el museo de la Casa Maya<\/span><span style=\"color: #474747; font-size: 20px;\"> y vive una aut\u00e9ntica experiencia. Las habitaciones fueron edificadas con las t\u00e9cnicas de construcci\u00f3n maya, dise\u00f1adas durante miles de a\u00f1os. Duerme dentro de una de las Aldeas Tem\u00e1ticas del Estado de Yucat\u00e1n, recientemente declarado por la revista mundialmente reconocida, Lonely Planet, como uno de los 50 mejores hoteles de M\u00e9xico y uno de los 7 hoteles del pa\u00eds reconocidos como estancias \u00fanicas. \u00bfQu\u00e9 esperas? \u00a1Completa tu experiencia!. <\/span><\/p>\n<p><span style=\"color: #474747; font-size: 20px;\">Reserva aqu\u00ed: <a href=\"https:\/\/aldeatoktli.com\/en\/casas-maya\/\">https:\/\/aldeatoktli.com\/casas-maya\/<\/a><\/span><\/p>\n<p>&nbsp;<\/p>\n<p><span style=\"color: #474747; font-size: 20px;\">Tambi\u00e9n contamos con otros talleres, engrandece tu vivencia aqu\u00ed: <a href=\"https:\/\/aldeatoktli.com\/en\/tienda\/\">https:\/\/aldeatoktli.com\/tienda\/<\/a><\/span><\/p>","protected":false},"excerpt":{"rendered":"<div class=\"elementor-element elementor-element-b0e5457 elementor-widget elementor-widget-augustine_core_image_with_text\" data-id=\"b0e5457\" data-element_type=\"widget\" data-widget_type=\"augustine_core_image_with_text.default\">\n<div class=\"elementor-widget-container\">\n<div class=\"qodef-shortcode qodef-m qodef-image-with-text qodef-layout--text-below\">\n<div class=\"elementor-element elementor-element-b0e5457 elementor-widget elementor-widget-augustine_core_image_with_text\" data-id=\"b0e5457\" data-element_type=\"widget\" data-widget_type=\"augustine_core_image_with_text.default\">\n<div class=\"elementor-widget-container\">\n<p><span style=\"color: #333333;\">El Temazcal es una ceremonia ancestral que representa el regreso al vientre de la Madre Tierra. A trav\u00e9s del calor, el vapor, los cantos y la intenci\u00f3n, liberamos bloqueos f\u00edsicos y emocionales, conectando profundamente con nuestro ser interior. Esta experiencia busca el equilibrio de los elementos \u2014agua, fuego, aire y tierra\u2014 mientras guiamos una introspecci\u00f3n que renueva la energ\u00eda vital. Cada participante es acompa\u00f1ado con respeto y cuidado en un proceso de sanaci\u00f3n colectiva y profunda conexi\u00f3n espiritual. Durante los primero 30 minutos realizamos una apertura de temazcal a los 7 rumbos; norte, sur, este, oeste, cielo, tierra y coraz\u00f3n. Posteriormente experimentar\u00e1s una purificaci\u00f3n a trav\u00e9s del humo del copal y hiervas medicinales que te permitir\u00e1n limpiar tu ser y estar listo para entrar a el vientre materno (temazcal). Dentro del temazcal existir\u00e1n diferentes fases (puertas) curativas, a trav\u00e9s de cantos, vapor e instrumentos, conectar\u00e1s en comunidad en un c\u00edrculo sagrado. En una segunda fase, a trav\u00e9s de la palabra, podr\u00e1s sanar tus bloqueos emocionales. Finaliza tu vivencia agradeciendo, elevando tu energ\u00eda y celebrando tu renacimiento sumergi\u00e9ndote en una alberca de piedra y degustando un t\u00e9 de hiervas del huerto.<\/span><\/p>\n<div><\/div>\n<\/div>\n<\/div>\n<div class=\"elementor-element elementor-element-48ee711 elementor-widget elementor-widget-text-editor\" data-id=\"48ee711\" data-element_type=\"widget\" data-widget_type=\"text-editor.default\">\n<div class=\"elementor-widget-container\">\n<h6><strong>Duraci\u00f3n: 2 horas.<\/strong><\/h6>\n<h6><strong>El precio incluye de 1 a 20 personas.<\/strong><\/h6>\n<\/div>\n<\/div>\n<\/div>\n<\/div>\n<\/div>","protected":false},"featured_media":17005,"comment_status":"open","ping_status":"closed","template":"","meta":[],"product_brand":[],"product_cat":[137,139],"product_tag":[],"class_list":{"0":"post-14992","1":"product","2":"type-product","3":"status-publish","4":"has-post-thumbnail","6":"product_cat-talleres","7":"product_cat-talleres-colectivos","9":"first","10":"instock","11":"virtual","12":"purchasable","13":"product-type-simple"},"_links":{"self":[{"href":"https:\/\/aldeatoktli.com\/en\/wp-json\/wp\/v2\/product\/14992","targetHints":{"allow":["GET"]}}],"collection":[{"href":"https:\/\/aldeatoktli.com\/en\/wp-json\/wp\/v2\/product"}],"about":[{"href":"https:\/\/aldeatoktli.com\/en\/wp-json\/wp\/v2\/types\/product"}],"replies":[{"embeddable":true,"href":"https:\/\/aldeatoktli.com\/en\/wp-json\/wp\/v2\/comments?post=14992"}],"wp:featuredmedia":[{"embeddable":true,"href":"https:\/\/aldeatoktli.com\/en\/wp-json\/wp\/v2\/media\/17005"}],"wp:attachment":[{"href":"https:\/\/aldeatoktli.com\/en\/wp-json\/wp\/v2\/media?parent=14992"}],"wp:term":[{"taxonomy":"product_brand","embeddable":true,"href":"https:\/\/aldeatoktli.com\/en\/wp-json\/wp\/v2\/product_brand?post=14992"},{"taxonomy":"product_cat","embeddable":true,"href":"https:\/\/aldeatoktli.com\/en\/wp-json\/wp\/v2\/product_cat?post=14992"},{"taxonomy":"product_tag","embeddable":true,"href":"https:\/\/aldeatoktli.com\/en\/wp-json\/wp\/v2\/product_tag?post=14992"}],"curies":[{"name":"wp","href":"https:\/\/api.w.org\/{rel}","templated":true}]}}