{"id":15126,"date":"2025-11-07T11:22:26","date_gmt":"2025-11-07T17:22:26","guid":{"rendered":"https:\/\/aldeatoktli.com\/?post_type=product&#038;p=15126"},"modified":"2025-12-01T09:59:34","modified_gmt":"2025-12-01T15:59:34","slug":"cena-romantica","status":"publish","type":"product","link":"https:\/\/aldeatoktli.com\/en\/product\/cena-romantica\/","title":{"rendered":"Romantic dinner under two sacred Maya ceiba trees"},"content":{"rendered":"<h4><span style=\"color: #c21b71; font-size: 30px;\">\u00bfEn d\u00f3nde se realiza?<\/span><\/h4>\n<p><span style=\"color: #474747; font-size: 20px;\">Bajo las dos ceibas sagradas del hotel y museo Aldea Maya Toktli Or\u00edgenes. <\/span><\/p>\n<p><span style=\"color: #474747; font-size: 20px;\">Inicialmente el proyecto Toktli Or\u00edgenes, fue incubado con InnovaUNAM; la incubadora de la UNAM, recibi\u00f3 el Distintivo Yucat\u00e1n de calidad, recibi\u00f3 el premio Jaguar del turismo en hoteler\u00eda sostenible y Aldea Maya Toktli Or\u00edgenes, fue nombrada una de las diez aldeas mayas tem\u00e1ticas del estado de Yucat\u00e1n, aparece en el libro de 365 D\u00edas en Yucat\u00e1n, as\u00ed como en diversos reportajes de peri\u00f3dicos como La Jornada Maya, revistas como Yucat\u00e1n Today y presentaciones de radio en Radio F\u00f3rmula 94.5. La Aldea a recibido a diversos influencers, secretarios de turismo y chefs de talla internacional. Recientemente el hotel y museo fue declarado por la revista mundialmente reconocida, Lonely Planet, como uno de los 50 mejores hoteles de M\u00e9xico y uno de los 7 hoteles del pa\u00eds reconocidos como estancias \u00fanicas. <a href=\"https:\/\/www.lonelyplanet.com\/articles\/where-to-stay-in-mexico\">https:\/\/www.lonelyplanet.com\/articles\/where-to-stay-in-mexico<\/a><\/span><\/p>\n<h4><\/h4>\n<h4><span style=\"color: #c21b71; font-size: 30px;\">\u00bfQu\u00e9 traer?<\/span><\/h4>\n<p class=\"elementor-widget-container\"><span style=\"color: #474747; font-size: 20px;\">Para disfrutar mejor de la experiencia, sugerimos llevar calzado y ropa c\u00f3moda. Trae tu crema de protecci\u00f3n solar y repelente de mosquitos en caso de que quieras usarlos.<\/span><\/p>\n<p>&nbsp;<\/p>\n<h4><span style=\"color: #c21b71; font-size: 30px;\">\u00bfQuieres una experiencia m\u00e1s completa?<\/span><\/h4>\n<p><span style=\"color: #474747; font-size: 20px;\">Hosp\u00e9date en el museo de la Casa Maya<\/span><span style=\"color: #474747; font-size: 20px;\"> y vive una aut\u00e9ntica experiencia. Las habitaciones fueron edificadas con las t\u00e9cnicas de construcci\u00f3n maya, dise\u00f1adas durante miles de a\u00f1os. Duerme dentro de una de las Aldeas Tem\u00e1ticas del Estado de Yucat\u00e1n, recientemente declarado por la revista mundialmente reconocida, Lonely Planet, como uno de los 50 mejores hoteles de M\u00e9xico y uno de los 7 hoteles del pa\u00eds reconocidos como estancias \u00fanicas. \u00bfQu\u00e9 esperas? \u00a1Completa tu experiencia!. <\/span><\/p>\n<p><span style=\"color: #474747; font-size: 20px;\">Reserva aqu\u00ed: <a href=\"https:\/\/aldeatoktli.com\/en\/casas-maya\/\">https:\/\/aldeatoktli.com\/casas-maya\/<\/a><\/span><\/p>\n<p>&nbsp;<\/p>\n<p><span style=\"color: #474747; font-size: 20px;\">Tambi\u00e9n contamos con otros talleres, engrandece tu vivencia aqu\u00ed: <a href=\"https:\/\/aldeatoktli.com\/en\/tienda\/\">https:\/\/aldeatoktli.com\/tienda\/<\/a><\/span><\/p>","protected":false},"excerpt":{"rendered":"<div class=\"elementor-element elementor-element-b0e5457 elementor-widget elementor-widget-augustine_core_image_with_text\" data-id=\"b0e5457\" data-element_type=\"widget\" data-widget_type=\"augustine_core_image_with_text.default\">\n<div class=\"elementor-widget-container\">\n<div class=\"qodef-shortcode qodef-m qodef-image-with-text qodef-layout--text-below\">\n<div class=\"elementor-element elementor-element-b0e5457 elementor-widget elementor-widget-augustine_core_image_with_text\" data-id=\"b0e5457\" data-element_type=\"widget\" data-widget_type=\"augustine_core_image_with_text.default\">\n<div class=\"elementor-widget-container\">\n<p><strong>E<\/strong><b>xperiencia m\u00edstica y profundamente significativa<\/b> dentro de la cosmolog\u00eda maya.<\/p>\n<p>La Ceiba (<i>Yaxch\u00e9<\/i> en maya) no es un \u00e1rbol cualquiera; es el <b>\u00c1rbol Sagrado de la Vida<\/b>, el eje del universo que conecta los tres planos del cosmos:<\/p>\n<ol start=\"1\">\n<li><b>Las Ramas (El Cielo):<\/b> Su majestuosa copa y ramas ascendentes alcanzan el plano superior, la morada de los dioses y deidades celestiales.<\/li>\n<li><b>El Tronco (La Tierra):<\/b> El plano intermedio y terrenal, el hogar de los humanos y la vida.<\/li>\n<li><b>Las Ra\u00edces (El Inframundo):<\/b> Sus ra\u00edces profundas se extienden hacia el <i>Xibalb\u00e1<\/i>, el inframundo o morada de los muertos.<\/li>\n<\/ol>\n<p><b>Estar bajo dos Ceibas<\/b> duplica esta sensaci\u00f3n de estar en un punto de poder, donde el amor se celebra no solo en la Tierra, sino bajo la atenta mirada de los cielos y con la profundidad del tiempo ancestral.<\/p>\n<p>La cena se desarrolla durante la noche, los troncos anchos de las Ceibas se iluminan suavemente con <b>velas<\/b>, creando un juego de luces c\u00e1lidas que resaltan la textura de la corteza y el dosel de hojas. El \u00fanico &#8220;ruido&#8221; es el murmullo de la naturaleza: el susurro del viento entre las ramas altas, el canto nocturno de los p\u00e1jaros o grillos y la m\u00fasica sutil de un tr\u00edo yucateco a la distancia. Es un <b>silencio ceremonial<\/b> que invita a la conexi\u00f3n. La\u00a0mesa privada para dos, decorada con <b>flores locales <\/b>y elementos de la regi\u00f3n. El aire se llena del aroma dulce y terroso de la vegetaci\u00f3n, mezclado con el ligero humo de un copal que se quema cerca para purificar el ambiente.<\/p>\n<div>\n<p>El men\u00fa es una reverencia a la cultura local, una <b>alta cocina regional<\/b> que utiliza ingredientes frescos y t\u00e9cnicas ancestrales, acompa\u00f1ado de un coctel.<\/p>\n<p>La experiencia va m\u00e1s all\u00e1 del placer gastron\u00f3mico: es un acto con intenci\u00f3n, un momento especial donde podr\u00e1s <b>escribir un deseo o promesa<\/b> y colocarlo simb\u00f3licamente cerca de las grandes ra\u00edces del \u00e1rbol. Se dice que el \u00e1rbol sagrado, al ser el puente c\u00f3smico, guardar\u00e1 esa promesa de amor y fertilidad. Celebrar el amor bajo la Ceiba es un reconocimiento de que su relaci\u00f3n est\u00e1 anclada a la Tierra (ra\u00edces), vive plenamente en el presente (tronco) y aspira a lo m\u00e1s elevado (ramas). Es, en esencia, una cena que te hace sentir <b>parte de un ritual antiguo<\/b>, rodeado de la energ\u00eda protectora y atemporal de la cultura maya.<\/p>\n<p>&nbsp;<\/p>\n<\/div>\n<\/div>\n<\/div>\n<div class=\"elementor-element elementor-element-48ee711 elementor-widget elementor-widget-text-editor\" data-id=\"48ee711\" data-element_type=\"widget\" data-widget_type=\"text-editor.default\">\n<div class=\"elementor-widget-container\">\n<h6><strong>Duraci\u00f3n: 2 horas.<\/strong><\/h6>\n<h6><strong>Para 2 personas.<\/strong><\/h6>\n<\/div>\n<\/div>\n<\/div>\n<\/div>\n<\/div>","protected":false},"featured_media":15127,"comment_status":"open","ping_status":"closed","template":"","meta":[],"product_brand":[],"product_cat":[137,139],"product_tag":[],"class_list":{"0":"post-15126","1":"product","2":"type-product","3":"status-publish","4":"has-post-thumbnail","6":"product_cat-talleres","7":"product_cat-talleres-colectivos","9":"first","10":"instock","11":"virtual","12":"purchasable","13":"product-type-simple"},"_links":{"self":[{"href":"https:\/\/aldeatoktli.com\/en\/wp-json\/wp\/v2\/product\/15126","targetHints":{"allow":["GET"]}}],"collection":[{"href":"https:\/\/aldeatoktli.com\/en\/wp-json\/wp\/v2\/product"}],"about":[{"href":"https:\/\/aldeatoktli.com\/en\/wp-json\/wp\/v2\/types\/product"}],"replies":[{"embeddable":true,"href":"https:\/\/aldeatoktli.com\/en\/wp-json\/wp\/v2\/comments?post=15126"}],"wp:featuredmedia":[{"embeddable":true,"href":"https:\/\/aldeatoktli.com\/en\/wp-json\/wp\/v2\/media\/15127"}],"wp:attachment":[{"href":"https:\/\/aldeatoktli.com\/en\/wp-json\/wp\/v2\/media?parent=15126"}],"wp:term":[{"taxonomy":"product_brand","embeddable":true,"href":"https:\/\/aldeatoktli.com\/en\/wp-json\/wp\/v2\/product_brand?post=15126"},{"taxonomy":"product_cat","embeddable":true,"href":"https:\/\/aldeatoktli.com\/en\/wp-json\/wp\/v2\/product_cat?post=15126"},{"taxonomy":"product_tag","embeddable":true,"href":"https:\/\/aldeatoktli.com\/en\/wp-json\/wp\/v2\/product_tag?post=15126"}],"curies":[{"name":"wp","href":"https:\/\/api.w.org\/{rel}","templated":true}]}}