{"id":15129,"date":"2025-11-07T19:51:40","date_gmt":"2025-11-08T01:51:40","guid":{"rendered":"https:\/\/aldeatoktli.com\/?post_type=product&#038;p=15129"},"modified":"2025-12-01T09:58:54","modified_gmt":"2025-12-01T15:58:54","slug":"fogata","status":"publish","type":"product","link":"https:\/\/aldeatoktli.com\/en\/product\/fogata\/","title":{"rendered":"Fogata con bombones"},"content":{"rendered":"<h4><span style=\"color: #c21b71; font-size: 30px;\">\u00bfEn d\u00f3nde se realiza?<\/span><\/h4>\n<p><span style=\"color: #474747; font-size: 20px;\">En la zona de fuego del hotel y museo Aldea Maya Toktli Or\u00edgenes. <\/span><\/p>\n<p><span style=\"color: #474747; font-size: 20px;\">Inicialmente el proyecto Toktli Or\u00edgenes, fue incubado con InnovaUNAM; la incubadora de la UNAM, recibi\u00f3 el Distintivo Yucat\u00e1n de calidad, recibi\u00f3 el premio Jaguar del turismo en hoteler\u00eda sostenible y Aldea Maya Toktli Or\u00edgenes, fue nombrada una de las diez aldeas mayas tem\u00e1ticas del estado de Yucat\u00e1n, aparece en el libro de 365 D\u00edas en Yucat\u00e1n, as\u00ed como en diversos reportajes de peri\u00f3dicos como La Jornada Maya, revistas como Yucat\u00e1n Today y presentaciones de radio en Radio F\u00f3rmula 94.5. La Aldea a recibido a diversos influencers, secretarios de turismo y chefs de talla internacional. Recientemente el hotel y museo fue declarado por la revista mundialmente reconocida, Lonely Planet, como uno de los 50 mejores hoteles de M\u00e9xico y uno de los 7 hoteles del pa\u00eds reconocidos como estancias \u00fanicas. <a href=\"https:\/\/www.lonelyplanet.com\/articles\/where-to-stay-in-mexico\">https:\/\/www.lonelyplanet.com\/articles\/where-to-stay-in-mexico<\/a><\/span><\/p>\n<h4><\/h4>\n<h4><span style=\"color: #c21b71; font-size: 30px;\">\u00bfQu\u00e9 traer?<\/span><\/h4>\n<p class=\"elementor-widget-container\"><span style=\"color: #474747; font-size: 20px;\">Para disfrutar mejor de la experiencia, sugerimos llevar calzado y ropa c\u00f3moda. Trae repelente de mosquitos en caso de que quieras usarlo.<\/span><\/p>\n<p>&nbsp;<\/p>\n<h4><span style=\"color: #c21b71; font-size: 30px;\">\u00bfQuieres una experiencia m\u00e1s completa?<\/span><\/h4>\n<p><span style=\"color: #474747; font-size: 20px;\">Hosp\u00e9date en el museo de la Casa Maya<\/span><span style=\"color: #474747; font-size: 20px;\"> y vive una aut\u00e9ntica experiencia. Las habitaciones fueron edificadas con las t\u00e9cnicas de construcci\u00f3n maya, dise\u00f1adas durante miles de a\u00f1os. Duerme dentro de una de las Aldeas Tem\u00e1ticas del Estado de Yucat\u00e1n, recientemente declarado por la revista mundialmente reconocida, Lonely Planet, como uno de los 50 mejores hoteles de M\u00e9xico y uno de los 7 hoteles del pa\u00eds reconocidos como estancias \u00fanicas. \u00bfQu\u00e9 esperas? \u00a1Completa tu experiencia!. <\/span><\/p>\n<p><span style=\"color: #474747; font-size: 20px;\">Reserva aqu\u00ed: <a href=\"https:\/\/aldeatoktli.com\/en\/casas-maya\/\">https:\/\/aldeatoktli.com\/casas-maya\/<\/a><\/span><\/p>\n<p>&nbsp;<\/p>\n<p><span style=\"color: #474747; font-size: 20px;\">Tambi\u00e9n contamos con otros talleres, engrandece tu vivencia aqu\u00ed: <a href=\"https:\/\/aldeatoktli.com\/en\/tienda\/\">https:\/\/aldeatoktli.com\/tienda\/<\/a><\/span><\/p>","protected":false},"excerpt":{"rendered":"<div class=\"elementor-element elementor-element-b0e5457 elementor-widget elementor-widget-augustine_core_image_with_text\" data-id=\"b0e5457\" data-element_type=\"widget\" data-widget_type=\"augustine_core_image_with_text.default\">\n<div class=\"elementor-widget-container\">\n<div class=\"qodef-shortcode qodef-m qodef-image-with-text qodef-layout--text-below\">\n<div class=\"elementor-element elementor-element-b0e5457 elementor-widget elementor-widget-augustine_core_image_with_text\" data-id=\"b0e5457\" data-element_type=\"widget\" data-widget_type=\"augustine_core_image_with_text.default\">\n<div class=\"elementor-widget-container\">\n<p>La orquesta de la noche toma el protagonismo. Se escucha el crepitar suave y constante de la le\u00f1a al quemarse, que es el latido de la experiencia. A lo lejos, solo el murmullo de la vida salvaje (grillos, ranas, el viento en las hojas) rompe el silencio. Es una isla de luz dorada en medio de la oscuridad. La fogata proyecta <strong>sombras largas y danzantes<\/strong> en los \u00e1rboles circundantes. El calor es el centro de la reuni\u00f3n. El aire se impregna de una mezcla deliciosa: <strong>humo limpio de madera, dulzor tostado del bomb\u00f3n<\/strong> y el fondo terroso y fresco de la naturaleza. Todos se re\u00fanen alrededor del fuego con <strong>largos palos. <\/strong>Hay una concentraci\u00f3n colectiva al elegir el punto perfecto de la llama. El bomb\u00f3n comienza su transformaci\u00f3n; se <strong>infla, se ablanda y se carameliza<\/strong> lentamente, adquiriendo un exterior crujiente, finalizando entre dos ricas galletas. El momento culminante es el sabor, es una explosi\u00f3n de <strong>az\u00facar l\u00edquido y derretido<\/strong> en el interior, contrastando con el exterior tostado y ahumado.<\/p>\n<p>Una fogata es un im\u00e1n para las conversaciones tranquilas. Es el momento perfecto para <strong>contar historias, compartir an\u00e9cdotas<\/strong> o simplemente disfrutar del silencio contemplativo. Sentarse juntos tomando bebidas calientes, fomenta la sensaci\u00f3n de <strong>comunidad y pertenencia<\/strong>. No hay distracciones digitales; solo el fuego como centro de atenci\u00f3n. En esencia, es una experiencia que te ancla al presente, utilizando el fuego y el dulzor como catalizadores para crear una <strong>memoria c\u00e1lida y duradera<\/strong> bajo las estrellas.<\/p>\n<div>\n<p>&nbsp;<\/p>\n<\/div>\n<\/div>\n<\/div>\n<div class=\"elementor-element elementor-element-48ee711 elementor-widget elementor-widget-text-editor\" data-id=\"48ee711\" data-element_type=\"widget\" data-widget_type=\"text-editor.default\">\n<div class=\"elementor-widget-container\">\n<h6><strong>Duraci\u00f3n: 2 horas.<\/strong><\/h6>\n<h6><strong>El precio incluye de 1 a 15 personas.<\/strong><\/h6>\n<\/div>\n<\/div>\n<\/div>\n<\/div>\n<\/div>","protected":false},"featured_media":15120,"comment_status":"open","ping_status":"closed","template":"","meta":[],"product_brand":[],"product_cat":[137,139],"product_tag":[],"class_list":{"0":"post-15129","1":"product","2":"type-product","3":"status-publish","4":"has-post-thumbnail","6":"product_cat-talleres","7":"product_cat-talleres-colectivos","9":"first","10":"instock","11":"virtual","12":"purchasable","13":"product-type-simple"},"_links":{"self":[{"href":"https:\/\/aldeatoktli.com\/en\/wp-json\/wp\/v2\/product\/15129","targetHints":{"allow":["GET"]}}],"collection":[{"href":"https:\/\/aldeatoktli.com\/en\/wp-json\/wp\/v2\/product"}],"about":[{"href":"https:\/\/aldeatoktli.com\/en\/wp-json\/wp\/v2\/types\/product"}],"replies":[{"embeddable":true,"href":"https:\/\/aldeatoktli.com\/en\/wp-json\/wp\/v2\/comments?post=15129"}],"wp:featuredmedia":[{"embeddable":true,"href":"https:\/\/aldeatoktli.com\/en\/wp-json\/wp\/v2\/media\/15120"}],"wp:attachment":[{"href":"https:\/\/aldeatoktli.com\/en\/wp-json\/wp\/v2\/media?parent=15129"}],"wp:term":[{"taxonomy":"product_brand","embeddable":true,"href":"https:\/\/aldeatoktli.com\/en\/wp-json\/wp\/v2\/product_brand?post=15129"},{"taxonomy":"product_cat","embeddable":true,"href":"https:\/\/aldeatoktli.com\/en\/wp-json\/wp\/v2\/product_cat?post=15129"},{"taxonomy":"product_tag","embeddable":true,"href":"https:\/\/aldeatoktli.com\/en\/wp-json\/wp\/v2\/product_tag?post=15129"}],"curies":[{"name":"wp","href":"https:\/\/api.w.org\/{rel}","templated":true}]}}