{"id":15130,"date":"2025-11-07T22:43:30","date_gmt":"2025-11-08T04:43:30","guid":{"rendered":"https:\/\/aldeatoktli.com\/?post_type=product&#038;p=15130"},"modified":"2025-12-01T09:58:18","modified_gmt":"2025-12-01T15:58:18","slug":"janzu-terapia-acuatica","status":"publish","type":"product","link":"https:\/\/aldeatoktli.com\/en\/product\/janzu-terapia-acuatica\/","title":{"rendered":"Janzu Terapia Acu\u00e1tica"},"content":{"rendered":"<p><span style=\"color: #474747; font-size: 20px;\">El Janzu es una terapia acu\u00e1tica meditativa que invita a rendirte al agua y entrar en un estado profundo de presencia y confianza. Mientras flotas sostenido con suavidad, el cuerpo se relaja, la respiraci\u00f3n se armoniza y la mente se aquieta. En este estado de entrega y con los movimientos suaves y guiados del terapeuta, el sistema nervioso se calma, las emociones se liberan y la energ\u00eda comienza a fluir con libertad. La experiencia inicia con una breve meditaci\u00f3n guiada e introducci\u00f3n que te ayuda a relajarte y conectar con la respiraci\u00f3n. Durante toda la sesi\u00f3n est\u00e1s acompa\u00f1ado y guiado con presencia y cuidado, permitiendo que el cuerpo se deje sostener con total confianza.<br \/>\nAl final, una corta meditaci\u00f3n de cierre integra la experiencia y deja una sensaci\u00f3n profunda de paz y renovaci\u00f3n. El agua se convierte en un espacio de contenci\u00f3n y renacimiento, donde puedes soltar el peso de la mente y reconectarte con la ligereza natural del ser. Cada sesi\u00f3n es un viaje hermoso y silencioso hacia el interior, acompa\u00f1ado por movimientos fluidos y m\u00fasica suave que sostienen el proceso con ternura. M\u00e1s que una t\u00e9cnica de relajaci\u00f3n, el Janzu es una experiencia de transformaci\u00f3n interior, una invitaci\u00f3n a renacer y fluir con la vida con m\u00e1s claridad, paz y vitalidad.<\/span><\/p>\n<p>&nbsp;<\/p>\n<h4><span style=\"color: #c21b71; font-size: 30px;\">\u00bfQui\u00e9n lo imparte?<\/span><\/h4>\n<p><span style=\"color: #474747; font-size: 20px;\">La sesi\u00f3n es guiada por Will, autor espiritual, entrenador mental y practicante certificado de Janzu. Su don especial es guiarte a tu lugar de paz interior a trav\u00e9s de meditaciones guiadas, y ahora tambi\u00e9n mediante la experiencia transformadora del agua y de sonido. Con m\u00e1s de 25 a\u00f1os de experiencia en sanaci\u00f3n mental y espiritual, comparte un espacio de confianza, presencia y serenidad profunda.<\/span><\/p>\n<p>&nbsp;<\/p>\n<h4><span style=\"color: #c21b71; font-size: 30px;\">\u00bfEn d\u00f3nde se realiza?<\/span><\/h4>\n<p><span style=\"color: #474747; font-size: 20px;\">En la zona de fuego del hotel y museo Aldea Maya Toktli Or\u00edgenes. <\/span><\/p>\n<p><span style=\"color: #474747; font-size: 20px;\">Inicialmente el proyecto Toktli Or\u00edgenes, fue incubado con InnovaUNAM; la incubadora de la UNAM, recibi\u00f3 el Distintivo Yucat\u00e1n de calidad, recibi\u00f3 el premio Jaguar del turismo en hoteler\u00eda sostenible y Aldea Maya Toktli Or\u00edgenes, fue nombrada una de las diez aldeas mayas tem\u00e1ticas del estado de Yucat\u00e1n, aparece en el libro de 365 D\u00edas en Yucat\u00e1n, as\u00ed como en diversos reportajes de peri\u00f3dicos como La Jornada Maya, revistas como Yucat\u00e1n Today y presentaciones de radio en Radio F\u00f3rmula 94.5. La Aldea a recibido a diversos influencers, secretarios de turismo y chefs de talla internacional. Recientemente el hotel y museo fue declarado por la revista mundialmente reconocida, Lonely Planet, como uno de los 50 mejores hoteles de M\u00e9xico y uno de los 7 hoteles del pa\u00eds reconocidos como estancias \u00fanicas. <a href=\"https:\/\/www.lonelyplanet.com\/articles\/where-to-stay-in-mexico\">https:\/\/www.lonelyplanet.com\/articles\/where-to-stay-in-mexico<\/a><\/span><\/p>\n<h4><\/h4>\n<h4><span style=\"color: #c21b71; font-size: 30px;\">\u00bfQu\u00e9 traer?<\/span><\/h4>\n<p class=\"elementor-widget-container\"><span style=\"color: #474747; font-size: 20px;\">Para disfrutar mejor de la experiencia, sugerimos llevar ropa c\u00f3moda para nadar. Se proporcionar\u00e1 una pinza para la nariz y no se necesita alguna preparaci\u00f3n previa.<\/span><\/p>\n<p>&nbsp;<\/p>\n<h4><span style=\"color: #c21b71; font-size: 30px;\">\u00bfQuieres una experiencia m\u00e1s completa?<\/span><\/h4>\n<p><span style=\"color: #474747; font-size: 20px;\">Hosp\u00e9date en el museo de la Casa Maya<\/span><span style=\"color: #474747; font-size: 20px;\"> y vive una aut\u00e9ntica experiencia. Las habitaciones fueron edificadas con las t\u00e9cnicas de construcci\u00f3n maya, dise\u00f1adas durante miles de a\u00f1os. Duerme dentro de una de las Aldeas Tem\u00e1ticas del Estado de Yucat\u00e1n, recientemente declarado por la revista mundialmente reconocida, Lonely Planet, como uno de los 50 mejores hoteles de M\u00e9xico y uno de los 7 hoteles del pa\u00eds reconocidos como estancias \u00fanicas. \u00bfQu\u00e9 esperas? \u00a1Completa tu experiencia!. <\/span><\/p>\n<p><span style=\"color: #474747; font-size: 20px;\">Reserva aqu\u00ed: <a href=\"https:\/\/aldeatoktli.com\/en\/casas-maya\/\">https:\/\/aldeatoktli.com\/casas-maya\/<\/a><\/span><\/p>\n<p>&nbsp;<\/p>\n<p><span style=\"color: #474747; font-size: 20px;\">Tambi\u00e9n contamos con otros talleres, engrandece tu vivencia aqu\u00ed: <a href=\"https:\/\/aldeatoktli.com\/en\/tienda\/\">https:\/\/aldeatoktli.com\/tienda\/<\/a><\/span><\/p>","protected":false},"excerpt":{"rendered":"<div class=\"elementor-element elementor-element-b0e5457 elementor-widget elementor-widget-augustine_core_image_with_text\" data-id=\"b0e5457\" data-element_type=\"widget\" data-widget_type=\"augustine_core_image_with_text.default\">\n<div class=\"elementor-widget-container\">\n<div class=\"qodef-shortcode qodef-m qodef-image-with-text qodef-layout--text-below\">\n<div class=\"elementor-element elementor-element-b0e5457 elementor-widget elementor-widget-augustine_core_image_with_text\" data-id=\"b0e5457\" data-element_type=\"widget\" data-widget_type=\"augustine_core_image_with_text.default\">\n<div class=\"elementor-widget-container\">\n<p>Descubre la terapia acu\u00e1tica Janzu y sum\u00e9rgete en un estado natural de calma, bienestar y flujo interior. Esta suave experiencia en el agua calma el sistema nervioso, libera tensiones y favorece la liberaci\u00f3n emocional. Ideal para quienes desean relajarse profundamente, soltar el estr\u00e9s y abrirse a un renacimiento interior, en plena conexi\u00f3n con el flujo de la vida.<\/p>\n<div>\n<p>&nbsp;<\/p>\n<\/div>\n<\/div>\n<\/div>\n<div class=\"elementor-element elementor-element-48ee711 elementor-widget elementor-widget-text-editor\" data-id=\"48ee711\" data-element_type=\"widget\" data-widget_type=\"text-editor.default\">\n<div class=\"elementor-widget-container\">\n<h6><strong>Duraci\u00f3n: 1 hora.<\/strong><\/h6>\n<h6><strong>Para 1 persona.<\/strong><\/h6>\n<\/div>\n<\/div>\n<\/div>\n<\/div>\n<\/div>","protected":false},"featured_media":15134,"comment_status":"open","ping_status":"closed","template":"","meta":[],"product_brand":[],"product_cat":[137,139],"product_tag":[],"class_list":{"0":"post-15130","1":"product","2":"type-product","3":"status-publish","4":"has-post-thumbnail","6":"product_cat-talleres","7":"product_cat-talleres-colectivos","9":"first","10":"instock","11":"virtual","12":"purchasable","13":"product-type-simple"},"_links":{"self":[{"href":"https:\/\/aldeatoktli.com\/en\/wp-json\/wp\/v2\/product\/15130","targetHints":{"allow":["GET"]}}],"collection":[{"href":"https:\/\/aldeatoktli.com\/en\/wp-json\/wp\/v2\/product"}],"about":[{"href":"https:\/\/aldeatoktli.com\/en\/wp-json\/wp\/v2\/types\/product"}],"replies":[{"embeddable":true,"href":"https:\/\/aldeatoktli.com\/en\/wp-json\/wp\/v2\/comments?post=15130"}],"wp:featuredmedia":[{"embeddable":true,"href":"https:\/\/aldeatoktli.com\/en\/wp-json\/wp\/v2\/media\/15134"}],"wp:attachment":[{"href":"https:\/\/aldeatoktli.com\/en\/wp-json\/wp\/v2\/media?parent=15130"}],"wp:term":[{"taxonomy":"product_brand","embeddable":true,"href":"https:\/\/aldeatoktli.com\/en\/wp-json\/wp\/v2\/product_brand?post=15130"},{"taxonomy":"product_cat","embeddable":true,"href":"https:\/\/aldeatoktli.com\/en\/wp-json\/wp\/v2\/product_cat?post=15130"},{"taxonomy":"product_tag","embeddable":true,"href":"https:\/\/aldeatoktli.com\/en\/wp-json\/wp\/v2\/product_tag?post=15130"}],"curies":[{"name":"wp","href":"https:\/\/api.w.org\/{rel}","templated":true}]}}