{"id":15136,"date":"2025-11-08T04:44:59","date_gmt":"2025-11-08T10:44:59","guid":{"rendered":"https:\/\/aldeatoktli.com\/?post_type=product&#038;p=15136"},"modified":"2025-12-01T09:57:24","modified_gmt":"2025-12-01T15:57:24","slug":"meditacion-guiada-piramide","status":"publish","type":"product","link":"https:\/\/aldeatoktli.com\/en\/product\/meditacion-guiada-piramide\/","title":{"rendered":"Meditaci\u00f3n Guiada Matutina en la Pir\u00e1mide"},"content":{"rendered":"<p><span style=\"color: #474747; font-size: 20px;\"> Nos reunimos al pie de la pir\u00e1mide y\u00a0caminamos conscientemente hacia la cima y el centro de la pir\u00e1mide, sintiendo la conexi\u00f3n con el entorno y la energ\u00eda que nos rodea.<br \/>\nAl llegar a la cima, respiramos profundamente y sentimos la fuerza viva de este espacio Maya sagrado. Desde el centro de esta antigua energ\u00eda, nos conectamos con la presencia de los ancestros y con nuestra esencia interior. <\/span><\/p>\n<p><span style=\"color: #474747; font-size: 20px;\">La meditaci\u00f3n guiada te invita a rendirte al momento, a liberar pensamientos y sentir la conexi\u00f3n con tu esencia m\u00e1s aut\u00e9ntica. La respiraci\u00f3n se armoniza, la mente se aquieta y la energ\u00eda comienza a fluir con claridad. En este estado de comuni\u00f3n, surge una profunda sensaci\u00f3n de confianza, claridad y presencia.<br \/>\nAl finalizar, descendemos juntos con calma y gratitud, dejando que la experiencia se asiente. Al llegar al pie de la pir\u00e1mide, compartimos un momento de integraci\u00f3n, honrando lo vivido. Te llevas una sensaci\u00f3n renovada de paz, claridad y conexi\u00f3n con el flujo de la vida. Cada encuentro es una oportunidad para recordar qui\u00e9n eres, sentir la fuerza de la Tierra y abrirte al poder sanador del esp\u00edritu.<br \/>\nLa experiencia puede realizarse al amanecer o m\u00e1s tarde en la ma\u00f1ana, alrededor de las 8, 9 o hasta las 10 a.m., seg\u00fan tu preferencia.<\/span><\/p>\n<p>&nbsp;<\/p>\n<h4><span style=\"color: #c21b71; font-size: 30px;\">\u00bfQui\u00e9n lo imparte?<\/span><\/h4>\n<p><span style=\"color: #474747; font-size: 20px;\"> La experiencia es guiada por Will, autor espiritual y gu\u00eda de experiencias de conexi\u00f3n interior. Con m\u00e1s de 25 a\u00f1os de pr\u00e1ctica en meditaci\u00f3n y sanaci\u00f3n espiritual, mantiene una profunda conexi\u00f3n con los planos espirituales y sabe traer esa energ\u00eda a la tierra de forma simple y cercana. Su don especial es ayudarte a reconectar con tu verdadero ser y con tu estado natural de flujo, gui\u00e1ndote hacia un espacio de paz, claridad y presencia interior. La experiencia puede realizarse en espa\u00f1ol, ingl\u00e9s o alem\u00e1n, seg\u00fan la preferencia del participante.<\/span><\/p>\n<p>&nbsp;<\/p>\n<h4><span style=\"color: #c21b71; font-size: 30px;\">\u00bfEn d\u00f3nde se realiza?<\/span><\/h4>\n<p><span style=\"color: #474747; font-size: 20px;\">En el hotel y museo Aldea Maya Toktli Or\u00edgenes. <\/span><span style=\"color: #474747; font-size: 20px;\">Inicialmente el proyecto Toktli Or\u00edgenes, fue incubado con InnovaUNAM; la incubadora de la UNAM, recibi\u00f3 el Distintivo Yucat\u00e1n de calidad, recibi\u00f3 el premio Jaguar del turismo en hoteler\u00eda sostenible y Aldea Maya Toktli Or\u00edgenes, fue nombrada una de las diez aldeas mayas tem\u00e1ticas del estado de Yucat\u00e1n, aparece en el libro de 365 D\u00edas en Yucat\u00e1n, as\u00ed como en diversos reportajes de peri\u00f3dicos como La Jornada Maya, revistas como Yucat\u00e1n Today y presentaciones de radio en Radio F\u00f3rmula 94.5. La Aldea a recibido a diversos influencers, secretarios de turismo y chefs de talla internacional. Recientemente el hotel y museo fue declarado por la revista mundialmente reconocida, Lonely Planet, como uno de los 50 mejores hoteles de M\u00e9xico y uno de los 7 hoteles del pa\u00eds reconocidos como estancias \u00fanicas. <a href=\"https:\/\/www.lonelyplanet.com\/articles\/where-to-stay-in-mexico\">https:\/\/www.lonelyplanet.com\/articles\/where-to-stay-in-mexico<\/a><\/span><\/p>\n<h4><\/h4>\n<h4><span style=\"color: #c21b71; font-size: 30px;\">\u00bfQu\u00e9 traer?<\/span><\/h4>\n<p class=\"elementor-widget-container\"><span style=\"color: #474747; font-size: 20px;\">Para disfrutar mejor de la experiencia, sugerimos llevar ropa c\u00f3moda y ligera. Sombrero o gorra, protector solar y agua. Se recomienda traer una peque\u00f1a ofrenda simb\u00f3lica (flor, semilla o piedra) para dejar en gratitud.<\/span><\/p>\n<p>&nbsp;<\/p>\n<h4><span style=\"color: #c21b71; font-size: 30px;\">\u00bfQuieres una experiencia m\u00e1s completa?<\/span><\/h4>\n<p><span style=\"color: #474747; font-size: 20px;\">Hosp\u00e9date en el museo de la Casa Maya<\/span><span style=\"color: #474747; font-size: 20px;\"> y vive una aut\u00e9ntica experiencia. Las habitaciones fueron edificadas con las t\u00e9cnicas de construcci\u00f3n maya, dise\u00f1adas durante miles de a\u00f1os. Duerme dentro de una de las Aldeas Tem\u00e1ticas del Estado de Yucat\u00e1n, recientemente declarado por la revista mundialmente reconocida, Lonely Planet, como uno de los 50 mejores hoteles de M\u00e9xico y uno de los 7 hoteles del pa\u00eds reconocidos como estancias \u00fanicas. \u00bfQu\u00e9 esperas? \u00a1Completa tu experiencia!. <\/span><\/p>\n<p><span style=\"color: #474747; font-size: 20px;\">Reserva aqu\u00ed: <a href=\"https:\/\/aldeatoktli.com\/en\/casas-maya\/\">https:\/\/aldeatoktli.com\/casas-maya\/<\/a><\/span><\/p>\n<p>&nbsp;<\/p>\n<p><span style=\"color: #474747; font-size: 20px;\">Tambi\u00e9n contamos con otros talleres, engrandece tu vivencia aqu\u00ed: <a href=\"https:\/\/aldeatoktli.com\/en\/tienda\/\">https:\/\/aldeatoktli.com\/tienda\/<\/a><\/span><\/p>","protected":false},"excerpt":{"rendered":"<div class=\"elementor-element elementor-element-b0e5457 elementor-widget elementor-widget-augustine_core_image_with_text\" data-id=\"b0e5457\" data-element_type=\"widget\" data-widget_type=\"augustine_core_image_with_text.default\">\n<div class=\"elementor-widget-container\">\n<div class=\"qodef-shortcode qodef-m qodef-image-with-text qodef-layout--text-below\">\n<div class=\"elementor-element elementor-element-b0e5457 elementor-widget elementor-widget-augustine_core_image_with_text\" data-id=\"b0e5457\" data-element_type=\"widget\" data-widget_type=\"augustine_core_image_with_text.default\">\n<div class=\"elementor-widget-container\">\n<p>Vive una experiencia espiritual \u00fanica en la pir\u00e1mide. Ascendemos en las horas de la ma\u00f1ana para conectar con la energ\u00eda sagrada del lugar y la fuerza ancestral de este espacio maya, antes de entrar en una meditaci\u00f3n guiada que te lleva a reconectar con tu esencia m\u00e1s pura. Una hora de conexi\u00f3n, presencia y expansi\u00f3n interior.<\/p>\n<div>\n<p>&nbsp;<\/p>\n<\/div>\n<\/div>\n<\/div>\n<div class=\"elementor-element elementor-element-48ee711 elementor-widget elementor-widget-text-editor\" data-id=\"48ee711\" data-element_type=\"widget\" data-widget_type=\"text-editor.default\">\n<div class=\"elementor-widget-container\">\n<h6><strong>Duraci\u00f3n: 1 hora.<\/strong><\/h6>\n<h6><strong>Para 1 a 12 personas.<\/strong><\/h6>\n<\/div>\n<\/div>\n<\/div>\n<\/div>\n<\/div>","protected":false},"featured_media":15138,"comment_status":"open","ping_status":"closed","template":"","meta":[],"product_brand":[],"product_cat":[137,139],"product_tag":[],"class_list":{"0":"post-15136","1":"product","2":"type-product","3":"status-publish","4":"has-post-thumbnail","6":"product_cat-talleres","7":"product_cat-talleres-colectivos","9":"first","10":"instock","11":"virtual","12":"purchasable","13":"product-type-simple"},"_links":{"self":[{"href":"https:\/\/aldeatoktli.com\/en\/wp-json\/wp\/v2\/product\/15136","targetHints":{"allow":["GET"]}}],"collection":[{"href":"https:\/\/aldeatoktli.com\/en\/wp-json\/wp\/v2\/product"}],"about":[{"href":"https:\/\/aldeatoktli.com\/en\/wp-json\/wp\/v2\/types\/product"}],"replies":[{"embeddable":true,"href":"https:\/\/aldeatoktli.com\/en\/wp-json\/wp\/v2\/comments?post=15136"}],"wp:featuredmedia":[{"embeddable":true,"href":"https:\/\/aldeatoktli.com\/en\/wp-json\/wp\/v2\/media\/15138"}],"wp:attachment":[{"href":"https:\/\/aldeatoktli.com\/en\/wp-json\/wp\/v2\/media?parent=15136"}],"wp:term":[{"taxonomy":"product_brand","embeddable":true,"href":"https:\/\/aldeatoktli.com\/en\/wp-json\/wp\/v2\/product_brand?post=15136"},{"taxonomy":"product_cat","embeddable":true,"href":"https:\/\/aldeatoktli.com\/en\/wp-json\/wp\/v2\/product_cat?post=15136"},{"taxonomy":"product_tag","embeddable":true,"href":"https:\/\/aldeatoktli.com\/en\/wp-json\/wp\/v2\/product_tag?post=15136"}],"curies":[{"name":"wp","href":"https:\/\/api.w.org\/{rel}","templated":true}]}}