{"id":15142,"date":"2025-11-08T05:26:33","date_gmt":"2025-11-08T11:26:33","guid":{"rendered":"https:\/\/aldeatoktli.com\/?post_type=product&#038;p=15142"},"modified":"2025-12-01T09:56:41","modified_gmt":"2025-12-01T15:56:41","slug":"conexion-espiritual","status":"publish","type":"product","link":"https:\/\/aldeatoktli.com\/en\/product\/conexion-espiritual\/","title":{"rendered":"Sesi\u00f3n Personal de Conexi\u00f3n Espiritual"},"content":{"rendered":"<p><span style=\"color: #474747; font-size: 20px;\">Esta sesi\u00f3n personal es un encuentro profundo contigo mismo y con el mundo espiritual que te acompa\u00f1a. No es una lectura ni una sesi\u00f3n de coaching, sino una experiencia de conexi\u00f3n viva y directa con tu gu\u00eda interior, tus gu\u00edas y tus ancestros. <\/span><\/p>\n<p><span style=\"color: #474747; font-size: 20px;\">Comenzamos con una breve conversaci\u00f3n para conocer tu situaci\u00f3n actual y tus preguntas. Luego, te gu\u00edo en una meditaci\u00f3n personalizada y profunda que te ayudar\u00e1 a relajarte, a abrir el coraz\u00f3n y a entrar en un estado receptivo. Desde este espacio de calma y presencia, conectamos con las energ\u00edas amorosas que te rodean, invitando a que la claridad, la inspiraci\u00f3n y la gu\u00eda espiritual se manifiesten. Sentir\u00e1s la presencia de tus gu\u00edas espirituales y podr\u00e1s conversar con ellos, recibiendo sus mensajes y su sabidur\u00eda. La energ\u00eda del espacio se eleva de manera suave y natural, despertando una profunda sensaci\u00f3n de paz, confianza y prop\u00f3sito interior. Durante toda la sesi\u00f3n, estar\u00e1s acompa\u00f1ado con cuidado y presencia, lo que permitir\u00e1 que el proceso fluya de forma org\u00e1nica y profunda. Al final, compartimos un momento de integraci\u00f3n para ayudarte a anclar lo vivido y llevar contigo la energ\u00eda y los mensajes recibidos. Cada encuentro es una experiencia \u00fanica de conexi\u00f3n, amor y renovaci\u00f3n interior.<\/span><\/p>\n<p>&nbsp;<\/p>\n<h4><span style=\"color: #c21b71; font-size: 30px;\">\u00bfQui\u00e9n lo imparte?<\/span><\/h4>\n<p><span style=\"color: #474747; font-size: 20px;\">La experiencia est\u00e1 guiada por Will, autor espiritual y gu\u00eda de conexi\u00f3n interior. Es autor de best seller en ingl\u00e9s sobre la comunicaci\u00f3n con los gu\u00edas espirituales y ha ense\u00f1ado a miles de personas su m\u00e9todo \u00fanico, f\u00e1cil y seguro para abrir y fortalecer esta conexi\u00f3n. Con m\u00e1s de 25 a\u00f1os de pr\u00e1ctica en meditaci\u00f3n y sanaci\u00f3n espiritual, mantiene una profunda conexi\u00f3n con los planos espirituales y sabe traer esa energ\u00eda a la tierra de forma clara y accesible. Su don especial es ayudarte a reconectar con tu verdadero ser y con tu estado natural de flujo, gui\u00e1ndote hacia un espacio de paz, claridad y presencia interior. La experiencia puede realizarse en espa\u00f1ol, ingl\u00e9s o alem\u00e1n, seg\u00fan la preferencia del participante.<\/span><\/p>\n<p>&nbsp;<\/p>\n<h4><span style=\"color: #c21b71; font-size: 30px;\">\u00bfEn d\u00f3nde se realiza?<\/span><\/h4>\n<p><span style=\"color: #474747; font-size: 20px;\">En el hotel y museo Aldea Maya Toktli Or\u00edgenes. <\/span><span style=\"color: #474747; font-size: 20px;\">Inicialmente el proyecto Toktli Or\u00edgenes, fue incubado con InnovaUNAM; la incubadora de la UNAM, recibi\u00f3 el Distintivo Yucat\u00e1n de calidad, recibi\u00f3 el premio Jaguar del turismo en hoteler\u00eda sostenible y Aldea Maya Toktli Or\u00edgenes, fue nombrada una de las diez aldeas mayas tem\u00e1ticas del estado de Yucat\u00e1n, aparece en el libro de 365 D\u00edas en Yucat\u00e1n, as\u00ed como en diversos reportajes de peri\u00f3dicos como La Jornada Maya, revistas como Yucat\u00e1n Today y presentaciones de radio en Radio F\u00f3rmula 94.5. La Aldea a recibido a diversos influencers, secretarios de turismo y chefs de talla internacional. Recientemente el hotel y museo fue declarado por la revista mundialmente reconocida, Lonely Planet, como uno de los 50 mejores hoteles de M\u00e9xico y uno de los 7 hoteles del pa\u00eds reconocidos como estancias \u00fanicas. <a href=\"https:\/\/www.lonelyplanet.com\/articles\/where-to-stay-in-mexico\">https:\/\/www.lonelyplanet.com\/articles\/where-to-stay-in-mexico<\/a><\/span><\/p>\n<h4><\/h4>\n<h4><span style=\"color: #c21b71; font-size: 30px;\">\u00bfQu\u00e9 traer?<\/span><\/h4>\n<p class=\"elementor-widget-container\"><span style=\"color: #474747; font-size: 20px;\">Para disfrutar mejor de la experiencia, sugerimos llevar ropa y zapatos c\u00f3modos y ligeros. Tambi\u00e9n mente y coraz\u00f3n abiertos.<\/span><\/p>\n<p>&nbsp;<\/p>\n<h4><span style=\"color: #c21b71; font-size: 30px;\">\u00bfQuieres una experiencia m\u00e1s completa?<\/span><\/h4>\n<p><span style=\"color: #474747; font-size: 20px;\">Hosp\u00e9date en el museo de la Casa Maya<\/span><span style=\"color: #474747; font-size: 20px;\"> y vive una aut\u00e9ntica experiencia. Las habitaciones fueron edificadas con las t\u00e9cnicas de construcci\u00f3n maya, dise\u00f1adas durante miles de a\u00f1os. Duerme dentro de una de las Aldeas Tem\u00e1ticas del Estado de Yucat\u00e1n, recientemente declarado por la revista mundialmente reconocida, Lonely Planet, como uno de los 50 mejores hoteles de M\u00e9xico y uno de los 7 hoteles del pa\u00eds reconocidos como estancias \u00fanicas. \u00bfQu\u00e9 esperas? \u00a1Completa tu experiencia!. <\/span><\/p>\n<p><span style=\"color: #474747; font-size: 20px;\">Reserva aqu\u00ed: <a href=\"https:\/\/aldeatoktli.com\/en\/casas-maya\/\">https:\/\/aldeatoktli.com\/casas-maya\/<\/a><\/span><\/p>\n<p>&nbsp;<\/p>\n<p><span style=\"color: #474747; font-size: 20px;\">Tambi\u00e9n contamos con otros talleres, engrandece tu vivencia aqu\u00ed: <a href=\"https:\/\/aldeatoktli.com\/en\/tienda\/\">https:\/\/aldeatoktli.com\/tienda\/<\/a><\/span><\/p>","protected":false},"excerpt":{"rendered":"<div class=\"elementor-element elementor-element-b0e5457 elementor-widget elementor-widget-augustine_core_image_with_text\" data-id=\"b0e5457\" data-element_type=\"widget\" data-widget_type=\"augustine_core_image_with_text.default\">\n<div class=\"elementor-widget-container\">\n<div class=\"qodef-shortcode qodef-m qodef-image-with-text qodef-layout--text-below\">\n<div class=\"elementor-element elementor-element-b0e5457 elementor-widget elementor-widget-augustine_core_image_with_text\" data-id=\"b0e5457\" data-element_type=\"widget\" data-widget_type=\"augustine_core_image_with_text.default\">\n<div class=\"elementor-widget-container\">\n<p>Vive una experiencia espiritual \u00fanica en la pir\u00e1mide. Ascendemos en las horas de la ma\u00f1ana para conectar con la energ\u00eda sagrada del lugar y la fuerza ancestral de este espacio maya, antes de entrar en una meditaci\u00f3n guiada que te lleva a reconectar con tu esencia m\u00e1s pura. Una hora de conexi\u00f3n, presencia y expansi\u00f3n interior.<\/p>\n<div>\n<p>&nbsp;<\/p>\n<\/div>\n<\/div>\n<\/div>\n<div class=\"elementor-element elementor-element-48ee711 elementor-widget elementor-widget-text-editor\" data-id=\"48ee711\" data-element_type=\"widget\" data-widget_type=\"text-editor.default\">\n<div class=\"elementor-widget-container\">\n<h6><strong>Duraci\u00f3n: 2 horas.<\/strong><\/h6>\n<h6><strong>Para 1 persona.<\/strong><\/h6>\n<\/div>\n<\/div>\n<\/div>\n<\/div>\n<\/div>","protected":false},"featured_media":15143,"comment_status":"open","ping_status":"closed","template":"","meta":[],"product_brand":[],"product_cat":[137,139],"product_tag":[],"class_list":{"0":"post-15142","1":"product","2":"type-product","3":"status-publish","4":"has-post-thumbnail","6":"product_cat-talleres","7":"product_cat-talleres-colectivos","9":"first","10":"instock","11":"virtual","12":"purchasable","13":"product-type-simple"},"_links":{"self":[{"href":"https:\/\/aldeatoktli.com\/en\/wp-json\/wp\/v2\/product\/15142","targetHints":{"allow":["GET"]}}],"collection":[{"href":"https:\/\/aldeatoktli.com\/en\/wp-json\/wp\/v2\/product"}],"about":[{"href":"https:\/\/aldeatoktli.com\/en\/wp-json\/wp\/v2\/types\/product"}],"replies":[{"embeddable":true,"href":"https:\/\/aldeatoktli.com\/en\/wp-json\/wp\/v2\/comments?post=15142"}],"wp:featuredmedia":[{"embeddable":true,"href":"https:\/\/aldeatoktli.com\/en\/wp-json\/wp\/v2\/media\/15143"}],"wp:attachment":[{"href":"https:\/\/aldeatoktli.com\/en\/wp-json\/wp\/v2\/media?parent=15142"}],"wp:term":[{"taxonomy":"product_brand","embeddable":true,"href":"https:\/\/aldeatoktli.com\/en\/wp-json\/wp\/v2\/product_brand?post=15142"},{"taxonomy":"product_cat","embeddable":true,"href":"https:\/\/aldeatoktli.com\/en\/wp-json\/wp\/v2\/product_cat?post=15142"},{"taxonomy":"product_tag","embeddable":true,"href":"https:\/\/aldeatoktli.com\/en\/wp-json\/wp\/v2\/product_tag?post=15142"}],"curies":[{"name":"wp","href":"https:\/\/api.w.org\/{rel}","templated":true}]}}